{"id":990,"date":"2021-11-24T20:37:12","date_gmt":"2021-11-24T23:37:12","guid":{"rendered":"https:\/\/electroimpulso.com.ar\/catalogo\/?post_type=product&#038;p=990"},"modified":"2025-09-22T10:09:32","modified_gmt":"2025-09-22T13:09:32","slug":"regulador-solar-mppt-m2460-electroimpulso","status":"publish","type":"product","link":"https:\/\/electroimpulso.com.ar\/catalogo\/producto\/regulador-solar-mppt-m2460-electroimpulso\/","title":{"rendered":"Regulador Solar Mppt M4860 Electroimpulso"},"content":{"rendered":"<p>Regulador MPPT de alta calidad. Voltaje de entrada m\u00e1ximo 145V. Corriente de carga m\u00e1xima 60A en 12\/24\/36\/48V<\/p>\n<style>\n     .button {\n      background-color:blue;\n      border-color:red;\n      color:white;\n      }\n    <\/style>\n<p><a class=\"button\" href=\"https:\/\/electroimpulso.mercadoshops.com.ar\/MLA-1941893446-regulador-solar-mppt-122448v-60a-electroimpulso-m4860-_JM\" target=\"_blank\" rel=\"noopener\">Ver precio con env\u00edo<\/a><br \/>\n<br \/>\n<a class=\"button\" href=\"https:\/\/1drv.ms\/b\/s!AmtXglVJU_yYgd9FA9jB4VN7VqIXwQ?e=GGHCCl\" target=\"_blank\" rel=\"noopener\">informaci\u00f3n t\u00e9cnica<\/a><br \/>\n<br \/>\n<a class=\"button disabled\" href=\"\" target=\"_blank\" rel=\"noopener\">video<\/a><br \/>\n<br \/>\n<a class=\"button\" href=\"https:\/\/1drv.ms\/f\/c\/98fc53495582576b\/EmtXglVJU_wggJjLbwAAAAABNFQ651sfCqG32HJJG8sbOw?e=lh6UtD\" target=\"_blank\" rel=\"noopener\">descargas<\/a><br \/><\/p>\n","protected":false},"excerpt":{"rendered":"<p>Regulador MPPT de alta calidad. Voltaje de entrada m\u00e1ximo 145V. Corriente de carga m\u00e1xima 60A en 12\/24\/36\/48V Ver precio con env\u00edo informaci\u00f3n t\u00e9cnica video descargas<\/p>\n","protected":false},"featured_media":991,"template":"","meta":[],"product_brand":[],"product_cat":[23],"product_tag":[104,103,99,100,97,102,98,31,101],"class_list":{"0":"post-990","1":"product","2":"type-product","3":"status-publish","4":"has-post-thumbnail","6":"product_cat-reguladores-de-carga","7":"product_tag-104","8":"product_tag-48v","9":"product_tag-controlador","10":"product_tag-ldsolar","11":"product_tag-mppt","12":"product_tag-mppt-48v","13":"product_tag-regulador","14":"product_tag-solar","15":"product_tag-td2307","17":"first","18":"instock","19":"shipping-taxable","20":"purchasable","21":"product-type-simple"},"_links":{"self":[{"href":"https:\/\/electroimpulso.com.ar\/catalogo\/wp-json\/wp\/v2\/product\/990","targetHints":{"allow":["GET"]}}],"collection":[{"href":"https:\/\/electroimpulso.com.ar\/catalogo\/wp-json\/wp\/v2\/product"}],"about":[{"href":"https:\/\/electroimpulso.com.ar\/catalogo\/wp-json\/wp\/v2\/types\/product"}],"wp:featuredmedia":[{"embeddable":true,"href":"https:\/\/electroimpulso.com.ar\/catalogo\/wp-json\/wp\/v2\/media\/991"}],"wp:attachment":[{"href":"https:\/\/electroimpulso.com.ar\/catalogo\/wp-json\/wp\/v2\/media?parent=990"}],"wp:term":[{"taxonomy":"product_brand","embeddable":true,"href":"https:\/\/electroimpulso.com.ar\/catalogo\/wp-json\/wp\/v2\/product_brand?post=990"},{"taxonomy":"product_cat","embeddable":true,"href":"https:\/\/electroimpulso.com.ar\/catalogo\/wp-json\/wp\/v2\/product_cat?post=990"},{"taxonomy":"product_tag","embeddable":true,"href":"https:\/\/electroimpulso.com.ar\/catalogo\/wp-json\/wp\/v2\/product_tag?post=990"}],"curies":[{"name":"wp","href":"https:\/\/api.w.org\/{rel}","templated":true}]}}