{"id":987,"date":"2021-11-24T20:32:06","date_gmt":"2021-11-24T23:32:06","guid":{"rendered":"https:\/\/electroimpulso.com.ar\/catalogo\/?post_type=product&#038;p=987"},"modified":"2026-02-19T16:45:29","modified_gmt":"2026-02-19T19:45:29","slug":"regulador-solar-mppt-m2440-electroimpulso","status":"publish","type":"product","link":"https:\/\/electroimpulso.com.ar\/catalogo\/producto\/regulador-solar-mppt-m2440-electroimpulso\/","title":{"rendered":"Regulador Solar Mppt M2440 40A 12\/24V Electroimpulso Voc 100V"},"content":{"rendered":"<p>Regulador MPPT de alta calidad. Voltaje de entrada m\u00e1ximo 100A. Corriente m\u00e1xima de salida 40A en 12 y en 24V.<br \/>\nM\u00e1xima potencia de entrada de panel solar: 600W(12V)\/1200W(24V)<\/p>\n<style>\n     .button {\n      background-color:blue;\n      border-color:red;\n      color:white;\n      }\n    <\/style>\n<p>\n<a class=\"button\" href=\"https:\/\/1drv.ms\/b\/s!AmtXglVJU_yYgd9FA9jB4VN7VqIXwQ?e=GGHCCl\" target=\"_blank\" rel=\"noopener\">informaci\u00f3n t\u00e9cnica<\/a><br \/>\n<br \/>\n<a class=\"button disabled\" href=\"\" target=\"_blank\" rel=\"noopener\">video<\/a><br \/>\n<br \/>\n<a class=\"button\" href=\"https:\/\/1drv.ms\/f\/c\/98fc53495582576b\/EmtXglVJU_wggJjLbwAAAAABNFQ651sfCqG32HJJG8sbOw?e=lh6UtD\" target=\"_blank\" rel=\"noopener\">descargas<\/a><br \/><\/p>\n","protected":false},"excerpt":{"rendered":"<p>Regulador MPPT de alta calidad. Voltaje de entrada m\u00e1ximo 100A. Corriente m\u00e1xima de salida 40A en 12 y en 24V. M\u00e1xima potencia de entrada de panel solar: 600W(12V)\/1200W(24V) informaci\u00f3n t\u00e9cnica video descargas<\/p>\n","protected":false},"featured_media":988,"template":"","meta":[],"product_brand":[],"product_cat":[23],"product_tag":[99,35,100,173,97,98,31,101],"class_list":{"0":"post-987","1":"product","2":"type-product","3":"status-publish","4":"has-post-thumbnail","6":"product_cat-reguladores-de-carga","7":"product_tag-controlador","8":"product_tag-electroimpulso","9":"product_tag-ldsolar","10":"product_tag-m2440","11":"product_tag-mppt","12":"product_tag-regulador","13":"product_tag-solar","14":"product_tag-td2307","16":"first","17":"instock","18":"shipping-taxable","19":"purchasable","20":"product-type-simple"},"_links":{"self":[{"href":"https:\/\/electroimpulso.com.ar\/catalogo\/wp-json\/wp\/v2\/product\/987","targetHints":{"allow":["GET"]}}],"collection":[{"href":"https:\/\/electroimpulso.com.ar\/catalogo\/wp-json\/wp\/v2\/product"}],"about":[{"href":"https:\/\/electroimpulso.com.ar\/catalogo\/wp-json\/wp\/v2\/types\/product"}],"wp:featuredmedia":[{"embeddable":true,"href":"https:\/\/electroimpulso.com.ar\/catalogo\/wp-json\/wp\/v2\/media\/988"}],"wp:attachment":[{"href":"https:\/\/electroimpulso.com.ar\/catalogo\/wp-json\/wp\/v2\/media?parent=987"}],"wp:term":[{"taxonomy":"product_brand","embeddable":true,"href":"https:\/\/electroimpulso.com.ar\/catalogo\/wp-json\/wp\/v2\/product_brand?post=987"},{"taxonomy":"product_cat","embeddable":true,"href":"https:\/\/electroimpulso.com.ar\/catalogo\/wp-json\/wp\/v2\/product_cat?post=987"},{"taxonomy":"product_tag","embeddable":true,"href":"https:\/\/electroimpulso.com.ar\/catalogo\/wp-json\/wp\/v2\/product_tag?post=987"}],"curies":[{"name":"wp","href":"https:\/\/api.w.org\/{rel}","templated":true}]}}