{"id":98,"date":"2021-01-02T14:35:05","date_gmt":"2021-01-02T17:35:05","guid":{"rendered":"https:\/\/electroimpulso.com.ar\/catalogo\/?post_type=product&#038;p=98"},"modified":"2025-09-23T14:56:54","modified_gmt":"2025-09-23T17:56:54","slug":"bateria-ultracell-ucg-100-12","status":"publish","type":"product","link":"https:\/\/electroimpulso.com.ar\/catalogo\/producto\/bateria-ultracell-ucg-100-12\/","title":{"rendered":"Bateria Ultracell UCG-100-12"},"content":{"rendered":"<p>Bater\u00eda VRLA de ciclo profundo para uso en energ\u00edas renovables.<\/p>\n<p>Nuevas y no han estado almacenadas, importadas directo de f\u00e1brica.<\/p>\n<p>Marca Ultracell<br \/>\nProcedencia: Inglaterra<\/p>\n<p>Peso: 31Kg aproximadamente<br \/>\nDimensiones largo 318 x ancho 173 x alto 232<\/p>\n<p>cualquier duda cons\u00faltenos, electroimpulso responder\u00e1 en breve.<\/p>\n<style>\n     .button {\n      background-color:blue;\n      border-color:red;\n      color:white;\n      }\n    <\/style>\n<p>\n<a class=\"button\" href=\"https:\/\/1drv.ms\/b\/s!AmtXglVJU_yYgeA1WTDitQG_pkyy2g?e=Cv0ewQ\" target=\"_blank\" rel=\"noopener\">informaci\u00f3n t\u00e9cnica<\/a><br \/>\n<br \/>\n<a class=\"button\" href=\"\" target=\"_blank\" rel=\"noopener\">video<\/a><\/p>\n","protected":false},"excerpt":{"rendered":"<p>Bater\u00eda VRLA de ciclo profundo para uso en energ\u00edas renovables. Nuevas y no han estado almacenadas, importadas directo de f\u00e1brica. Marca Ultracell Procedencia: Inglaterra Peso: 31Kg aproximadamente Dimensiones largo 318 x ancho 173 x alto 232 cualquier duda cons\u00faltenos, electroimpulso responder\u00e1 en breve. informaci\u00f3n t\u00e9cnica video<\/p>\n","protected":false},"featured_media":99,"template":"","meta":[],"product_brand":[],"product_cat":[24],"product_tag":[],"class_list":{"0":"post-98","1":"product","2":"type-product","3":"status-publish","4":"has-post-thumbnail","6":"product_cat-baterias","8":"first","9":"instock","10":"shipping-taxable","11":"purchasable","12":"product-type-simple"},"_links":{"self":[{"href":"https:\/\/electroimpulso.com.ar\/catalogo\/wp-json\/wp\/v2\/product\/98","targetHints":{"allow":["GET"]}}],"collection":[{"href":"https:\/\/electroimpulso.com.ar\/catalogo\/wp-json\/wp\/v2\/product"}],"about":[{"href":"https:\/\/electroimpulso.com.ar\/catalogo\/wp-json\/wp\/v2\/types\/product"}],"wp:featuredmedia":[{"embeddable":true,"href":"https:\/\/electroimpulso.com.ar\/catalogo\/wp-json\/wp\/v2\/media\/99"}],"wp:attachment":[{"href":"https:\/\/electroimpulso.com.ar\/catalogo\/wp-json\/wp\/v2\/media?parent=98"}],"wp:term":[{"taxonomy":"product_brand","embeddable":true,"href":"https:\/\/electroimpulso.com.ar\/catalogo\/wp-json\/wp\/v2\/product_brand?post=98"},{"taxonomy":"product_cat","embeddable":true,"href":"https:\/\/electroimpulso.com.ar\/catalogo\/wp-json\/wp\/v2\/product_cat?post=98"},{"taxonomy":"product_tag","embeddable":true,"href":"https:\/\/electroimpulso.com.ar\/catalogo\/wp-json\/wp\/v2\/product_tag?post=98"}],"curies":[{"name":"wp","href":"https:\/\/api.w.org\/{rel}","templated":true}]}}