{"id":895,"date":"2021-07-27T20:20:13","date_gmt":"2021-07-27T23:20:13","guid":{"rendered":"https:\/\/electroimpulso.com.ar\/catalogo\/?post_type=product&#038;p=895"},"modified":"2025-09-25T12:37:40","modified_gmt":"2025-09-25T15:37:40","slug":"multimedidor-de-energia-monofasico-65a-registra-via-wifi-es-reseteable","status":"publish","type":"product","link":"https:\/\/electroimpulso.com.ar\/catalogo\/producto\/multimedidor-de-energia-monofasico-65a-registra-via-wifi-es-reseteable\/","title":{"rendered":"Multimedidor de energia monofasico 65A registra wifi es reseteable mod mmsw2d65"},"content":{"rendered":"<p>Multimedidor monof\u00e1sico inteligente para registro de energ\u00eda activa (kWh). 5(65) A 230V 50Hz. Pantalla LCD 6 + 1 digitos (999999,9kWh). Mide en pantalla y en forma remota por medio de la APP: kWh total, kWh +, kWh -, V, A, kW, kVAr, FP, Hz. Registro diario del consumo kWh. Conexi\u00f3n y desconexi\u00f3n programable a distancia. 2 m\u00f3dulos DIN. Clase 1. Comunicaci\u00f3n mediante WiFi, APP SMART LIFE. Generador de pulsos: 1600imp\/kWh. IEC 62053-21.<\/p>\n","protected":false},"excerpt":{"rendered":"<p>Multimedidor monof\u00e1sico inteligente para registro de energ\u00eda activa (kWh). 5(65) A 230V 50Hz. Pantalla LCD 6 + 1 digitos (999999,9kWh). Mide en pantalla y en forma remota por medio de la APP: kWh total, kWh +, kWh -, V, A, kW, kVAr, FP, Hz. Registro diario del consumo kWh. Conexi\u00f3n y desconexi\u00f3n programable a distancia. [&hellip;]<\/p>\n","protected":false},"featured_media":896,"template":"","meta":[],"product_brand":[],"product_cat":[66],"product_tag":[],"class_list":{"0":"post-895","1":"product","2":"type-product","3":"status-publish","4":"has-post-thumbnail","6":"product_cat-accesorios","8":"first","9":"instock","10":"purchasable","11":"product-type-simple"},"_links":{"self":[{"href":"https:\/\/electroimpulso.com.ar\/catalogo\/wp-json\/wp\/v2\/product\/895","targetHints":{"allow":["GET"]}}],"collection":[{"href":"https:\/\/electroimpulso.com.ar\/catalogo\/wp-json\/wp\/v2\/product"}],"about":[{"href":"https:\/\/electroimpulso.com.ar\/catalogo\/wp-json\/wp\/v2\/types\/product"}],"wp:featuredmedia":[{"embeddable":true,"href":"https:\/\/electroimpulso.com.ar\/catalogo\/wp-json\/wp\/v2\/media\/896"}],"wp:attachment":[{"href":"https:\/\/electroimpulso.com.ar\/catalogo\/wp-json\/wp\/v2\/media?parent=895"}],"wp:term":[{"taxonomy":"product_brand","embeddable":true,"href":"https:\/\/electroimpulso.com.ar\/catalogo\/wp-json\/wp\/v2\/product_brand?post=895"},{"taxonomy":"product_cat","embeddable":true,"href":"https:\/\/electroimpulso.com.ar\/catalogo\/wp-json\/wp\/v2\/product_cat?post=895"},{"taxonomy":"product_tag","embeddable":true,"href":"https:\/\/electroimpulso.com.ar\/catalogo\/wp-json\/wp\/v2\/product_tag?post=895"}],"curies":[{"name":"wp","href":"https:\/\/api.w.org\/{rel}","templated":true}]}}