{"id":882,"date":"2021-06-13T19:16:53","date_gmt":"2021-06-13T22:16:53","guid":{"rendered":"https:\/\/electroimpulso.com.ar\/catalogo\/?post_type=product&#038;p=882"},"modified":"2025-09-22T10:09:34","modified_gmt":"2025-09-22T13:09:34","slug":"monitoreo-growatt-para-min-min-xe-dongle-modelo-wifi-x-usb","status":"publish","type":"product","link":"https:\/\/electroimpulso.com.ar\/catalogo\/producto\/monitoreo-growatt-para-min-min-xe-dongle-modelo-wifi-x-usb\/","title":{"rendered":"Monitoreo Growatt Para Min Min-xe Dongle Modelo Wifi X Usb"},"content":{"rendered":"<p><a class=\"button\" href=\"https:\/\/1drv.ms\/u\/s!AmtXglVJU_yYgf8E_RalAu-Qb_nfCw?e=EMEa6a\" target=\"_blank\" rel=\"noopener\">informaci\u00f3n t\u00e9cnica<\/a><br \/>\n<img loading=\"lazy\" decoding=\"async\" class=\"alignnone size-medium wp-image-883\" src=\"https:\/\/electroimpulso.com.ar\/catalogo\/wp-content\/uploads\/2021\/06\/wifi-x-1-chica-300x140.jpg\" alt=\"dongle wifi x\" width=\"300\" height=\"140\" \/>El dispositivo de Monitorizaci\u00f3n Growatt Shine Wifi-X es un componente que permite dotar de conexi\u00f3n Wifi a un inversor Growatt de la gama X o MIN-XE. Ser\u00e1 necesario establecer el v\u00ednculo entre el router wifi y el receptor a trav\u00e9s de la aplicaci\u00f3n dedicada para ello y debe haber suficiente cobertura en el lugar de instalaci\u00f3n del inversor.<\/p>\n","protected":false},"excerpt":{"rendered":"<style>\n     .button {\n      background-color:blue;\n      border-color:red;\n      color:white;\n      }\n    <\/style>\n<p><a class=\"button\" href=\"https:\/\/electroimpulso.mercadoshops.com.ar\/MLA-925409890-monitoreo-growatt-para-min-min-xe-dongle-modelo-wifi-x-usb-_JM\" target=\"_blank\" rel=\"noopener\">Ver precio<\/a><\/p>\n","protected":false},"featured_media":883,"template":"","meta":[],"product_brand":[],"product_cat":[75],"product_tag":[],"class_list":{"0":"post-882","1":"product","2":"type-product","3":"status-publish","4":"has-post-thumbnail","6":"product_cat-monitoreo-remoto","8":"first","9":"instock","10":"shipping-taxable","11":"product-type-simple"},"_links":{"self":[{"href":"https:\/\/electroimpulso.com.ar\/catalogo\/wp-json\/wp\/v2\/product\/882","targetHints":{"allow":["GET"]}}],"collection":[{"href":"https:\/\/electroimpulso.com.ar\/catalogo\/wp-json\/wp\/v2\/product"}],"about":[{"href":"https:\/\/electroimpulso.com.ar\/catalogo\/wp-json\/wp\/v2\/types\/product"}],"wp:featuredmedia":[{"embeddable":true,"href":"https:\/\/electroimpulso.com.ar\/catalogo\/wp-json\/wp\/v2\/media\/883"}],"wp:attachment":[{"href":"https:\/\/electroimpulso.com.ar\/catalogo\/wp-json\/wp\/v2\/media?parent=882"}],"wp:term":[{"taxonomy":"product_brand","embeddable":true,"href":"https:\/\/electroimpulso.com.ar\/catalogo\/wp-json\/wp\/v2\/product_brand?post=882"},{"taxonomy":"product_cat","embeddable":true,"href":"https:\/\/electroimpulso.com.ar\/catalogo\/wp-json\/wp\/v2\/product_cat?post=882"},{"taxonomy":"product_tag","embeddable":true,"href":"https:\/\/electroimpulso.com.ar\/catalogo\/wp-json\/wp\/v2\/product_tag?post=882"}],"curies":[{"name":"wp","href":"https:\/\/api.w.org\/{rel}","templated":true}]}}