{"id":852,"date":"2021-05-16T13:11:51","date_gmt":"2021-05-16T16:11:51","guid":{"rendered":"https:\/\/electroimpulso.com.ar\/catalogo\/?post_type=product&#038;p=852"},"modified":"2025-09-22T10:09:34","modified_gmt":"2025-09-22T13:09:34","slug":"estructura-soporte-de-aluminio-para-4-paneles-angulo-ajustable-15-30-grados","status":"publish","type":"product","link":"https:\/\/electroimpulso.com.ar\/catalogo\/producto\/estructura-soporte-de-aluminio-para-4-paneles-angulo-ajustable-15-30-grados\/","title":{"rendered":"Estructura soporte  de aluminio para 4 paneles ?ngulo ajustable 15-30 grados"},"content":{"rendered":"<p>Estructura soporte  de aluminio<br \/>\ncon montaje Triangular<br \/>\npara 4 paneles<br \/>\n\u00e1ngulo de inclinaci\u00f3n ajustable 15-30 grados<\/p>\n<p><a href=\"https:\/\/electroimpulso.com.ar\/index.php\/manuales\/download\/31-soportes-para-panel-solar\/99-kit-1530-para-techo-4-paneles-aluminio-chiko-solar\">descarga el manual aqu\u00ed<\/a><\/p>\n","protected":false},"excerpt":{"rendered":"<p>Estructura soporte de aluminio con montaje Triangular para 4 paneles \u00e1ngulo de inclinaci\u00f3n ajustable 15-30 grados descarga el manual aqu\u00ed<\/p>\n","protected":false},"featured_media":853,"template":"","meta":[],"product_brand":[],"product_cat":[64],"product_tag":[],"class_list":{"0":"post-852","1":"product","2":"type-product","3":"status-publish","4":"has-post-thumbnail","6":"product_cat-soportes-para-paneles-solares","8":"first","9":"instock","10":"product-type-simple"},"_links":{"self":[{"href":"https:\/\/electroimpulso.com.ar\/catalogo\/wp-json\/wp\/v2\/product\/852","targetHints":{"allow":["GET"]}}],"collection":[{"href":"https:\/\/electroimpulso.com.ar\/catalogo\/wp-json\/wp\/v2\/product"}],"about":[{"href":"https:\/\/electroimpulso.com.ar\/catalogo\/wp-json\/wp\/v2\/types\/product"}],"wp:featuredmedia":[{"embeddable":true,"href":"https:\/\/electroimpulso.com.ar\/catalogo\/wp-json\/wp\/v2\/media\/853"}],"wp:attachment":[{"href":"https:\/\/electroimpulso.com.ar\/catalogo\/wp-json\/wp\/v2\/media?parent=852"}],"wp:term":[{"taxonomy":"product_brand","embeddable":true,"href":"https:\/\/electroimpulso.com.ar\/catalogo\/wp-json\/wp\/v2\/product_brand?post=852"},{"taxonomy":"product_cat","embeddable":true,"href":"https:\/\/electroimpulso.com.ar\/catalogo\/wp-json\/wp\/v2\/product_cat?post=852"},{"taxonomy":"product_tag","embeddable":true,"href":"https:\/\/electroimpulso.com.ar\/catalogo\/wp-json\/wp\/v2\/product_tag?post=852"}],"curies":[{"name":"wp","href":"https:\/\/api.w.org\/{rel}","templated":true}]}}