{"id":795,"date":"2021-04-03T15:06:01","date_gmt":"2021-04-03T18:06:01","guid":{"rendered":"https:\/\/electroimpulso.com.ar\/catalogo\/?post_type=product&#038;p=795"},"modified":"2025-09-22T10:09:35","modified_gmt":"2025-09-22T13:09:35","slug":"ipswifi-10-interruptor-wifi-10-amperes-con-borneras","status":"publish","type":"product","link":"https:\/\/electroimpulso.com.ar\/catalogo\/producto\/ipswifi-10-interruptor-wifi-10-amperes-con-borneras\/","title":{"rendered":"IPSWIFI-10 Interruptor wifi 10 amperes con borneras"},"content":{"rendered":"<p>Control de iluminaci\u00f3n y dispositivos el\u00e9ctricos y electr\u00f3nicos mediante tel\u00e9fono inteligente o tableta. Encendido\/apagado con posibilidad de temporizaci\u00f3n configurable para ampliar el rango de operaci\u00f3n. Caracter\u00edsticas t\u00e9cnicas: 90-250V 50-60Hz, 2200VA-10A. Conexionado mediante borneras a tornillos, con tapas de protecci\u00f3n con prensacables. Control remoto con aplicaci\u00f3n gratuita APP \u201cSMARTLIFE\u201d para iOS y Android compatible con Echo Alexa y Google. Requisitos del sistema: ios3.13 o versi\u00f3n superior, Android 4.1 o superior. Enrutador inal\u00e1mbrico est\u00e1ndar IEEE WIFI 2,4Ghz 802.11b\/g\/s. Conexi\u00f3n a Internet de datos m\u00f3viles para controlar el interruptor desde cualquier lugar del mundo.<\/p>\n","protected":false},"excerpt":{"rendered":"<style>\n     .button {\n      background-color:blue;\n      border-color:red;\n      color:white;\n      }\n    <\/style>\n<p><a class=\"button disabled\" href=\"\">Informaci\u00f3n t\u00e9cnica<\/a><\/p>\n","protected":false},"featured_media":796,"template":"","meta":[],"product_brand":[],"product_cat":[78],"product_tag":[],"class_list":{"0":"post-795","1":"product","2":"type-product","3":"status-publish","4":"has-post-thumbnail","6":"product_cat-domotica-y-automatizacion","8":"first","9":"instock","10":"shipping-taxable","11":"purchasable","12":"product-type-simple"},"_links":{"self":[{"href":"https:\/\/electroimpulso.com.ar\/catalogo\/wp-json\/wp\/v2\/product\/795","targetHints":{"allow":["GET"]}}],"collection":[{"href":"https:\/\/electroimpulso.com.ar\/catalogo\/wp-json\/wp\/v2\/product"}],"about":[{"href":"https:\/\/electroimpulso.com.ar\/catalogo\/wp-json\/wp\/v2\/types\/product"}],"wp:featuredmedia":[{"embeddable":true,"href":"https:\/\/electroimpulso.com.ar\/catalogo\/wp-json\/wp\/v2\/media\/796"}],"wp:attachment":[{"href":"https:\/\/electroimpulso.com.ar\/catalogo\/wp-json\/wp\/v2\/media?parent=795"}],"wp:term":[{"taxonomy":"product_brand","embeddable":true,"href":"https:\/\/electroimpulso.com.ar\/catalogo\/wp-json\/wp\/v2\/product_brand?post=795"},{"taxonomy":"product_cat","embeddable":true,"href":"https:\/\/electroimpulso.com.ar\/catalogo\/wp-json\/wp\/v2\/product_cat?post=795"},{"taxonomy":"product_tag","embeddable":true,"href":"https:\/\/electroimpulso.com.ar\/catalogo\/wp-json\/wp\/v2\/product_tag?post=795"}],"curies":[{"name":"wp","href":"https:\/\/api.w.org\/{rel}","templated":true}]}}