{"id":700,"date":"2021-01-15T13:36:00","date_gmt":"2021-01-15T16:36:00","guid":{"rendered":"https:\/\/electroimpulso.com.ar\/catalogo\/?post_type=product&#038;p=700"},"modified":"2025-09-22T10:09:38","modified_gmt":"2025-09-22T13:09:38","slug":"bomba-sumergible-30mts-70mts-elevac-12v-24v","status":"publish","type":"product","link":"https:\/\/electroimpulso.com.ar\/catalogo\/producto\/bomba-sumergible-30mts-70mts-elevac-12v-24v\/","title":{"rendered":"Bomba Sumergible 30mts 70mts Elevac 12V"},"content":{"rendered":"<p>Voltaje de la bomba: 12V. &#8211; Caudal m\u00e1ximo: 440 litros\/hora. &#8211; Di\u00e1metro m\u00ednimo del pozo: 10,2 cm. &#8211; Dispone de sistema de desconexi\u00f3n r\u00e1pida con gl\u00e1ndula estanca. &#8211; Carcasa a prueba de corrosi\u00f3n con cierre de acero inoxidable. &#8211; Permite el funcionamiento en seco sin da\u00f1os. &#8211; Dise\u00f1o de bomba con desplazamiento Positivo y 3 c\u00e1maras. &#8211; Motor con im\u00e1n permanente de protecci\u00f3n t\u00e9rmica. Sin escobillas. Sin mantenimiento. &#8211; Entrada del flujo: Malla de acero inoxidable. &#8211; Medidas: 355 x 130 x 110 mm.<\/p>\n","protected":false},"excerpt":{"rendered":"<style>\n     .button {\n      background-color:blue;\n      border-color:red;\n      color:white;\n      }\n    <\/style>\n<p><a class=\"button\" href=\"https:\/\/electroimpulso.mercadoshops.com.ar\/MLA-1166851249-bomba-sumergible-30mts-70mts-elevac-12v-_JM\" target=\"_blank\" rel=\"noopener\">Ver precio con env\u00edo r\u00e1pido<\/a><br \/>\n<br \/>\n<a class=\"button\" href=\"https:\/\/electroimpulso.mercadoshops.com.ar\/MLA-1170355031-bomba-sumergible-24v-hasta-70mts-de-elevacion-_JM\" target=\"_blank\" rel=\"noopener\">Ver precio<\/a><\/p>\n<p><a class=\"button\" href=\"https:\/\/1drv.ms\/b\/s!AmtXglVJU_yYgoJqxx-csuVunGgEPQ?e=wzTb9A\" target=\"_blank\" rel=\"noopener\">informaci\u00f3n t\u00e9cnica<\/a><br \/>\n<br \/>\n<a class=\"button\" href=\"https:\/\/youtube.com\/shorts\/0XHEkKdXQJY?feature=share\" target=\"_blank\" rel=\"noopener\">video<\/a><\/p>\n","protected":false},"featured_media":2071,"template":"","meta":[],"product_brand":[],"product_cat":[44],"product_tag":[],"class_list":{"0":"post-700","1":"product","2":"type-product","3":"status-publish","4":"has-post-thumbnail","6":"product_cat-bomba-sumergible","8":"first","9":"instock","10":"purchasable","11":"product-type-simple"},"_links":{"self":[{"href":"https:\/\/electroimpulso.com.ar\/catalogo\/wp-json\/wp\/v2\/product\/700","targetHints":{"allow":["GET"]}}],"collection":[{"href":"https:\/\/electroimpulso.com.ar\/catalogo\/wp-json\/wp\/v2\/product"}],"about":[{"href":"https:\/\/electroimpulso.com.ar\/catalogo\/wp-json\/wp\/v2\/types\/product"}],"wp:featuredmedia":[{"embeddable":true,"href":"https:\/\/electroimpulso.com.ar\/catalogo\/wp-json\/wp\/v2\/media\/2071"}],"wp:attachment":[{"href":"https:\/\/electroimpulso.com.ar\/catalogo\/wp-json\/wp\/v2\/media?parent=700"}],"wp:term":[{"taxonomy":"product_brand","embeddable":true,"href":"https:\/\/electroimpulso.com.ar\/catalogo\/wp-json\/wp\/v2\/product_brand?post=700"},{"taxonomy":"product_cat","embeddable":true,"href":"https:\/\/electroimpulso.com.ar\/catalogo\/wp-json\/wp\/v2\/product_cat?post=700"},{"taxonomy":"product_tag","embeddable":true,"href":"https:\/\/electroimpulso.com.ar\/catalogo\/wp-json\/wp\/v2\/product_tag?post=700"}],"curies":[{"name":"wp","href":"https:\/\/api.w.org\/{rel}","templated":true}]}}