{"id":531,"date":"2021-01-02T19:21:35","date_gmt":"2021-01-02T22:21:35","guid":{"rendered":"https:\/\/electroimpulso.com.ar\/catalogo\/producto\/growatt-2500-s-inversor-solar-a-red-2\/"},"modified":"2026-05-06T09:36:40","modified_gmt":"2026-05-06T12:36:40","slug":"inversor-solar-on-grid-5000w-growatt","status":"publish","type":"product","link":"https:\/\/electroimpulso.com.ar\/catalogo\/producto\/inversor-solar-on-grid-5000w-growatt\/","title":{"rendered":"Inversor solar on grid 5000W Growatt esencial para hogares"},"content":{"rendered":"<h3>\u00bfQu\u00e9 es un inversor on grid 5000W?<\/h3>\n<p>\nUn inversor on grid trabaja conectado a la red el\u00e9ctrica y permite utilizar la energ\u00eda solar directamente en el consumo del hogar, reduciendo la factura el\u00e9ctrica sin necesidad de bater\u00edas.\n<\/p>\n<p>El Inversor Red Growatt MIN 5000TL-X2 es un nuevo modelo de inversor de uno de los mayores<br \/>\nfabricantes de inversores a nivel mundial, Growatt. Es un producto de gran calidad<br \/>\ny con un dise\u00f1o muy compacto y moderno. Toda esta familia de inversores monofasicos<br \/>\nde Growatt dispone de 2 seguidores MPPT y un ampl\u00edsimo rango de funcionamiento.<br \/>\nEstos inversores se conectan a la red el\u00e9ctrica del lugar donde est\u00e9n instalados<br \/>\npara inyectar la energ\u00eda que producen los paneles y ahorrar en la factura de electricidad.<\/p>\n<h3>Caracter\u00edsticas t\u00e9cnicas<\/h3>\n<ul>\n<li>Potencia: 5000W<\/li>\n<li>2 MPPT independientes<\/li>\n<li>Eficiencia hasta 98.4%<\/li>\n<li>Protecci\u00f3n IP65 \/ IP66<\/li>\n<li>Conexi\u00f3n monof\u00e1sica<\/li>\n<\/ul>\n<p>Output (AC)<br \/>\n-Rated AC Output Power: 5000W<br \/>\n-Max. AC Power: 5000VA<br \/>\n-Max. Output Current: 22.7 A<br \/>\n-Ac Nominal Voltage; Range: 220\/230\/240V; 180Vac-280Vac<br \/>\n-Ac Grid Frecuency; Range: 50,60 Hz\/ +-5 Hz<br \/>\n-Phase Factor At Rated Power: 1<br \/>\n-Displcement Power Factor, Config: 0.8 leading<br \/>\n-THDi: &lt; 3 %<br \/>\n&#8211; Ac Connection: Single Phase<br \/>\n-Dimensions (WxHxD): 375x350x160mm<br \/>\n-Weight: 10,8 kg<br \/>\n-Environmental Protection Rating: IP65<br \/>\n-Dc Connection: MC4<br \/>\n-AC Connection: Conector<br \/>\n-Display: Oled + LCD<br \/>\n-Interfaces:<br \/>\n-RS485 Yes<br \/>\n-USB Yes<br \/>\n-Wifi: Optional con Shine Wifi-X<\/p>\n","protected":false},"excerpt":{"rendered":"<style>\n     .button {\n      background-color:blue;\n      border-color:red;\n      color:white;\n      }\n    <\/style>\n<p><a class=\"button\" href=\"https:\/\/electroimpulso.mercadoshops.com.ar\/MLA-917135191-inversor-growatt-min5000tl-x-on-grid-inyector-_JM\" target=\"_blank\" rel=\"noopener\">Ver precio<\/a><br \/>\n<br \/>\n<a class=\"button\" href=\"https:\/\/1drv.ms\/b\/s!AmtXglVJU_yYgrVtOZhMhiHHrVUSew?e=ZMTPMx\" target=\"_blank\" rel=\"noopener\">informaci\u00f3n t\u00e9cnica<\/a><br \/>\n<br \/>\n<a class=\"button\" href=\"https:\/\/1drv.ms\/b\/s!AmtXglVJU_yYg64kBQyvot4nxmP2Aw?e=ThnQ3y\" target=\"_blank\" rel=\"noopener\">Instalacion sugerida<\/a><br \/>\n<br \/>\n<a class=\"button disabled\" href=\"\" target=\"_blank\" rel=\"noopener\">video<\/a><\/p>\n","protected":false},"featured_media":834,"template":"","meta":[],"product_brand":[],"product_cat":[20],"product_tag":[248,35,72,249,263,265,250,264],"class_list":{"0":"post-531","1":"product","2":"type-product","3":"status-publish","4":"has-post-thumbnail","6":"product_cat-inversores-on-grid-inyeccion-a-red","7":"product_tag-248","8":"product_tag-electroimpulso","9":"product_tag-growatt","10":"product_tag-inyector","11":"product_tag-mic","12":"product_tag-mic-5000-tl-x","13":"product_tag-min-5000","14":"product_tag-on-grid","16":"first","17":"instock","18":"shipping-taxable","19":"purchasable","20":"product-type-simple"},"_links":{"self":[{"href":"https:\/\/electroimpulso.com.ar\/catalogo\/wp-json\/wp\/v2\/product\/531","targetHints":{"allow":["GET"]}}],"collection":[{"href":"https:\/\/electroimpulso.com.ar\/catalogo\/wp-json\/wp\/v2\/product"}],"about":[{"href":"https:\/\/electroimpulso.com.ar\/catalogo\/wp-json\/wp\/v2\/types\/product"}],"wp:featuredmedia":[{"embeddable":true,"href":"https:\/\/electroimpulso.com.ar\/catalogo\/wp-json\/wp\/v2\/media\/834"}],"wp:attachment":[{"href":"https:\/\/electroimpulso.com.ar\/catalogo\/wp-json\/wp\/v2\/media?parent=531"}],"wp:term":[{"taxonomy":"product_brand","embeddable":true,"href":"https:\/\/electroimpulso.com.ar\/catalogo\/wp-json\/wp\/v2\/product_brand?post=531"},{"taxonomy":"product_cat","embeddable":true,"href":"https:\/\/electroimpulso.com.ar\/catalogo\/wp-json\/wp\/v2\/product_cat?post=531"},{"taxonomy":"product_tag","embeddable":true,"href":"https:\/\/electroimpulso.com.ar\/catalogo\/wp-json\/wp\/v2\/product_tag?post=531"}],"curies":[{"name":"wp","href":"https:\/\/api.w.org\/{rel}","templated":true}]}}