{"id":475,"date":"2021-01-02T22:21:27","date_gmt":"2021-01-03T01:21:27","guid":{"rendered":"https:\/\/electroimpulso.com.ar\/catalogo\/producto\/regulador-panel-solar-controlador-de-carga-20a-12v-24v\/"},"modified":"2026-02-19T16:43:57","modified_gmt":"2026-02-19T19:43:57","slug":"regulador-panel-solar-controlador-de-carga-20a-12v-24v","status":"publish","type":"product","link":"https:\/\/electroimpulso.com.ar\/catalogo\/producto\/regulador-panel-solar-controlador-de-carga-20a-12v-24v\/","title":{"rendered":"Regulador Panel Solar Controlador De Carga 20a 12v 24v"},"content":{"rendered":"<p>regulador pwm para panel solar<br \/>\n260W m\u00e1ximo para 12V<br \/>\n520W m\u00e1ximo para 24V<br \/>\nCorriente m\u00e1xima 20A<br \/>\n12v y 24v autom\u00e1tico<br \/>\ntipo pwm<br \/>\ncon usb<\/p>\n<p><a href=\"https:\/\/electroimpulso.com.ar\/index.php\/manuales\/download\/12-controladores-de-carga-importados\/44-regulador-dm-12v24v-20a-importado\">manual<\/a><\/p>\n","protected":false},"excerpt":{"rendered":"<p>regulador pwm para panel solar 260W m\u00e1ximo para 12V 520W m\u00e1ximo para 24V Corriente m\u00e1xima 20A 12v y 24v autom\u00e1tico tipo pwm con usb manual<\/p>\n","protected":false},"featured_media":655,"template":"","meta":[],"product_brand":[],"product_cat":[23],"product_tag":[],"class_list":{"0":"post-475","1":"product","2":"type-product","3":"status-publish","4":"has-post-thumbnail","6":"product_cat-reguladores-de-carga","8":"first","9":"instock","10":"shipping-taxable","11":"purchasable","12":"product-type-simple"},"_links":{"self":[{"href":"https:\/\/electroimpulso.com.ar\/catalogo\/wp-json\/wp\/v2\/product\/475","targetHints":{"allow":["GET"]}}],"collection":[{"href":"https:\/\/electroimpulso.com.ar\/catalogo\/wp-json\/wp\/v2\/product"}],"about":[{"href":"https:\/\/electroimpulso.com.ar\/catalogo\/wp-json\/wp\/v2\/types\/product"}],"wp:featuredmedia":[{"embeddable":true,"href":"https:\/\/electroimpulso.com.ar\/catalogo\/wp-json\/wp\/v2\/media\/655"}],"wp:attachment":[{"href":"https:\/\/electroimpulso.com.ar\/catalogo\/wp-json\/wp\/v2\/media?parent=475"}],"wp:term":[{"taxonomy":"product_brand","embeddable":true,"href":"https:\/\/electroimpulso.com.ar\/catalogo\/wp-json\/wp\/v2\/product_brand?post=475"},{"taxonomy":"product_cat","embeddable":true,"href":"https:\/\/electroimpulso.com.ar\/catalogo\/wp-json\/wp\/v2\/product_cat?post=475"},{"taxonomy":"product_tag","embeddable":true,"href":"https:\/\/electroimpulso.com.ar\/catalogo\/wp-json\/wp\/v2\/product_tag?post=475"}],"curies":[{"name":"wp","href":"https:\/\/api.w.org\/{rel}","templated":true}]}}