{"id":465,"date":"2021-01-02T22:21:25","date_gmt":"2021-01-03T01:21:25","guid":{"rendered":"https:\/\/electroimpulso.com.ar\/catalogo\/producto\/reja-tejido-antigranizo-protector-termotanque-solar-30-tubos\/"},"modified":"2026-03-13T12:06:59","modified_gmt":"2026-03-13T15:06:59","slug":"reja-tejido-antigranizo-protector-termotanque-solar-30-tubos","status":"publish","type":"product","link":"https:\/\/electroimpulso.com.ar\/catalogo\/producto\/reja-tejido-antigranizo-protector-termotanque-solar-30-tubos\/","title":{"rendered":"Reja Tejido Antigranizo Protector Termotanque Solar 30 Tubos"},"content":{"rendered":"<p>Malla antigranizo para termotanque solar de 30 tubos.<\/p>\n<p>Se sujeta con planchuelas que se agarran con autoperforantes a la estructura.<\/p>\n<p>4 patas son para determinar la separaci\u00f3n de los tubos y 2 patas van en \u00e1ngulo menor a 90 y evitan que se desplace<\/p>\n<p>Est\u00e1 hecha con tejido de 1&#8243;x1\/2&#8243; tensado en una estructura de planchuela de hierro pintado.<\/p>\n<p>La medida del tejido es la justa para detener cualquier granizo que sea capaz de romper<\/p>\n<p>los tubos (28mm de di\u00e1metro) y a su vez provoca una m\u00ednima disminuci\u00f3n<\/p>\n<p>sobre la energ\u00eda solar que llega a los tubos.<\/p>\n<p>Ante cualquier duda, consulte.<\/p>\n<p>Disponemos de modelos para 15,20 y 30 tubos.<\/p>\n","protected":false},"excerpt":{"rendered":"<style>\n     .button {\n      background-color:blue;\n      border-color:red;\n      color:white;\n      }\n    <\/style>\n<p><a class=\"button\" href=\"https:\/\/electroimpulso.mercadoshops.com.ar\/MLA-714711090-reja-tejido-antigranizo-protector-termotanque-solar-30-tubos-_JM\">Ver precio<\/a><\/p>\n","protected":false},"featured_media":629,"template":"","meta":[],"product_brand":[],"product_cat":[28],"product_tag":[],"class_list":{"0":"post-465","1":"product","2":"type-product","3":"status-publish","4":"has-post-thumbnail","6":"product_cat-termotanques-solares","8":"first","9":"instock","10":"shipping-taxable","11":"product-type-simple"},"_links":{"self":[{"href":"https:\/\/electroimpulso.com.ar\/catalogo\/wp-json\/wp\/v2\/product\/465","targetHints":{"allow":["GET"]}}],"collection":[{"href":"https:\/\/electroimpulso.com.ar\/catalogo\/wp-json\/wp\/v2\/product"}],"about":[{"href":"https:\/\/electroimpulso.com.ar\/catalogo\/wp-json\/wp\/v2\/types\/product"}],"wp:featuredmedia":[{"embeddable":true,"href":"https:\/\/electroimpulso.com.ar\/catalogo\/wp-json\/wp\/v2\/media\/629"}],"wp:attachment":[{"href":"https:\/\/electroimpulso.com.ar\/catalogo\/wp-json\/wp\/v2\/media?parent=465"}],"wp:term":[{"taxonomy":"product_brand","embeddable":true,"href":"https:\/\/electroimpulso.com.ar\/catalogo\/wp-json\/wp\/v2\/product_brand?post=465"},{"taxonomy":"product_cat","embeddable":true,"href":"https:\/\/electroimpulso.com.ar\/catalogo\/wp-json\/wp\/v2\/product_cat?post=465"},{"taxonomy":"product_tag","embeddable":true,"href":"https:\/\/electroimpulso.com.ar\/catalogo\/wp-json\/wp\/v2\/product_tag?post=465"}],"curies":[{"name":"wp","href":"https:\/\/api.w.org\/{rel}","templated":true}]}}