{"id":331,"date":"2021-01-02T22:21:06","date_gmt":"2021-01-03T01:21:06","guid":{"rendered":"https:\/\/electroimpulso.com.ar\/catalogo\/producto\/regulador-para-panel-solar-12v-24v-40a-electroimpulso\/"},"modified":"2026-02-19T16:44:31","modified_gmt":"2026-02-19T19:44:31","slug":"regulador-para-panel-solar-12v-24v-40a-electroimpulso","status":"publish","type":"product","link":"https:\/\/electroimpulso.com.ar\/catalogo\/producto\/regulador-para-panel-solar-12v-24v-40a-electroimpulso\/","title":{"rendered":"Regulador Para Panel Solar 12v 24v 40A"},"content":{"rendered":"<p>Regulador para panel solar importado, para bater\u00edas de 12 y 24V<\/p>\n<p>Ante cualquier duda, consulte, electroimpulso cuenta con personal especializado en energ\u00eda solar para asesorarlo.<\/p>\n<p>voltaje del sistema 12V\/24V<br \/>\nVoltaje m\u00e1ximo de entrada: 55V<br \/>\nconsumo=12mA<br \/>\nCorriente m\u00e1xima de carga 40A<\/p>\n<p>Corriente m\u00e1xima de descarga 40A<\/p>\n<p>Desconexi\u00f3n LVD 11.0V Ajustable entre 9V?.12V,?2\/24V,?4\/48V<\/p>\n<p>Reconexi\u00f3n LVR 12.6V Ajustable 11V?.13.5V,?2\/24V,?4\/48V<\/p>\n<p>Voltaje de flote<\/p>\n<p>13.8V ajustable 13V?.15V,?2\/24V,?4\/48V<\/p>\n<p>Carga r\u00e1pida<\/p>\n<p>14.4V , ?2\/24V,?4\/48V Si la bater\u00eda tiene menos de 12V inicia carga r\u00e1pida por 2hs<\/p>\n<p>Protecci\u00f3n por alto voltaje de bater\u00eda<\/p>\n<p>16.5V ,?2\/24V,?4\/48V<\/p>\n<p>Protecci\u00f3n por conexi\u00f3n inversa<\/p>\n<p>Protecci\u00f3n por sobrecarga de salida, corta y reconecta en dos minutos<\/p>\n<p>Tipo de regulador: PWM<\/p>\n<p>Compensaci\u00f3n por temperatura<\/p>\n<p>-24 mV \/? para 12V ,?2\/24V,?4\/48V<\/p>\n<p>Temperatura de trabajo<\/p>\n<p>-20?&#8212;+55?<\/p>\n<p>Terminales para cable secci\u00f3n 14-6 AWG ( 2 a 13mm2)<\/p>\n<p>Protecci\u00f3n: IP32 (intrusi\u00f3n de s\u00f3lido o goteo vertical solamente)<\/p>\n<p>medidas 190mmx108 mmx41.5mm<\/p>\n","protected":false},"excerpt":{"rendered":"<style>\n     .button {\n      background-color:blue;\n      border-color:red;\n      color:white;\n      }\n    <\/style>\n<p><a class=\"button\" href=\"https:\/\/electroimpulso.mercadoshops.com.ar\/MLA-848440969-regulador-panel-solar-controlador-de-carga-40a-12v-24v-_JM\">Ver precio<\/a><\/p>\n<p>\n<a class=\"button\" href=\"https:\/\/youtu.be\/VvzGJxrnWkw\">Video Programacion y caracteristicas<\/a><\/p>\n","protected":false},"featured_media":2021,"template":"","meta":[],"product_brand":[],"product_cat":[23],"product_tag":[35,276,163,98],"class_list":{"0":"post-331","1":"product","2":"type-product","3":"status-publish","4":"has-post-thumbnail","6":"product_cat-reguladores-de-carga","7":"product_tag-electroimpulso","8":"product_tag-energiasolar","9":"product_tag-pwm","10":"product_tag-regulador","12":"first","13":"instock","14":"shipping-taxable","15":"purchasable","16":"product-type-simple"},"_links":{"self":[{"href":"https:\/\/electroimpulso.com.ar\/catalogo\/wp-json\/wp\/v2\/product\/331","targetHints":{"allow":["GET"]}}],"collection":[{"href":"https:\/\/electroimpulso.com.ar\/catalogo\/wp-json\/wp\/v2\/product"}],"about":[{"href":"https:\/\/electroimpulso.com.ar\/catalogo\/wp-json\/wp\/v2\/types\/product"}],"wp:featuredmedia":[{"embeddable":true,"href":"https:\/\/electroimpulso.com.ar\/catalogo\/wp-json\/wp\/v2\/media\/2021"}],"wp:attachment":[{"href":"https:\/\/electroimpulso.com.ar\/catalogo\/wp-json\/wp\/v2\/media?parent=331"}],"wp:term":[{"taxonomy":"product_brand","embeddable":true,"href":"https:\/\/electroimpulso.com.ar\/catalogo\/wp-json\/wp\/v2\/product_brand?post=331"},{"taxonomy":"product_cat","embeddable":true,"href":"https:\/\/electroimpulso.com.ar\/catalogo\/wp-json\/wp\/v2\/product_cat?post=331"},{"taxonomy":"product_tag","embeddable":true,"href":"https:\/\/electroimpulso.com.ar\/catalogo\/wp-json\/wp\/v2\/product_tag?post=331"}],"curies":[{"name":"wp","href":"https:\/\/api.w.org\/{rel}","templated":true}]}}