{"id":2947,"date":"2026-05-06T15:16:13","date_gmt":"2026-05-06T18:16:13","guid":{"rendered":"https:\/\/electroimpulso.com.ar\/catalogo\/?post_type=product&#038;p=2947"},"modified":"2026-05-06T15:20:57","modified_gmt":"2026-05-06T18:20:57","slug":"bateria-12v-150ah-gel","status":"publish","type":"product","link":"https:\/\/electroimpulso.com.ar\/catalogo\/producto\/bateria-12v-150ah-gel\/","title":{"rendered":"Bater\u00eda 12V 150Ah Gel Ultracell \u2013 Ciclo profundo esencial sistemas solares"},"content":{"rendered":"<p><strong>\u00bfNecesit\u00e1s almacenar energ\u00eda para tu sistema solar? Esta bater\u00eda 12V 150Ah es ideal para lograr autonom\u00eda y funcionamiento estable en tu instalaci\u00f3n.<\/strong><\/p>\n<h3>\u00bfCu\u00e1ntas bater\u00edas necesito?<\/h3>\n<p>\nLa cantidad depende del consumo diario. En sistemas solares se combinan varias bater\u00edas para lograr mayor autonom\u00eda y estabilidad.\n<\/p>\n<p>\nSi no est\u00e1s seguro de cu\u00e1ntas bater\u00edas necesit\u00e1s, pod\u00e9s usar nuestro calculador para dimensionar tu sistema seg\u00fan tu consumo real.\n<\/p>\n<div style=\"text-align:center; margin:25px 0;\">\n<a href=\"https:\/\/electroimpulso.com.ar\/sistemas\/offgrid.php\" \n   style=\"\n   background-color:#28a745;\n   color:#fff;\n   padding:15px 30px;\n   font-size:18px;\n   font-weight:bold;\n   text-decoration:none;\n   border-radius:8px;\n   display:inline-block;\"><br \/>\n\u26a1 Calcular mi sistema solar<br \/>\n<\/a>\n<\/div>\n<p>Caracter\u00edsticas principales<br \/>\nMarca<br \/>\nultracell<br \/>\nModelo<br \/>\nucg-150-12<br \/>\nOtros<br \/>\nVoltaje de la bater\u00eda: 12<br \/>\nTecnolog\u00eda de la bater\u00eda: Gel<br \/>\nCapacidad de la bater\u00eda: 150 Ah<br \/>\nLargo: 49 mm<br \/>\nAltura: 23 cm<br \/>\nAncho: 17 cm<br \/>\nPeso: 48 kg<\/p>\n<style>\n     .button {\n      background-color:blue;\n      border-color:red;\n      color:white;\n      }\n    <\/style>\n<p><a class=\"button\" href=\"https:\/\/1drv.ms\/b\/s!AmtXglVJU_yYgp9jJvsTf-WvbgbArA?e=QhmJNc\" target=\"_blank\" rel=\"noopener\">informaci\u00f3n t\u00e9cnica<\/a><\/p>\n","protected":false},"excerpt":{"rendered":"<p>\u00bfNecesit\u00e1s almacenar energ\u00eda para tu sistema solar? Esta bater\u00eda 12V 150Ah es ideal para lograr autonom\u00eda y funcionamiento estable en tu instalaci\u00f3n. \u00bfCu\u00e1ntas bater\u00edas necesito? La cantidad depende del consumo diario. En sistemas solares se combinan varias bater\u00edas para lograr mayor autonom\u00eda y estabilidad. Si no est\u00e1s seguro de cu\u00e1ntas bater\u00edas necesit\u00e1s, pod\u00e9s usar nuestro [&hellip;]<\/p>\n","protected":false},"featured_media":1862,"template":"","meta":[],"product_brand":[],"product_cat":[24],"product_tag":[],"class_list":{"0":"post-2947","1":"product","2":"type-product","3":"status-publish","4":"has-post-thumbnail","6":"product_cat-baterias","8":"first","9":"instock","10":"shipping-taxable","11":"purchasable","12":"product-type-simple"},"_links":{"self":[{"href":"https:\/\/electroimpulso.com.ar\/catalogo\/wp-json\/wp\/v2\/product\/2947","targetHints":{"allow":["GET"]}}],"collection":[{"href":"https:\/\/electroimpulso.com.ar\/catalogo\/wp-json\/wp\/v2\/product"}],"about":[{"href":"https:\/\/electroimpulso.com.ar\/catalogo\/wp-json\/wp\/v2\/types\/product"}],"wp:featuredmedia":[{"embeddable":true,"href":"https:\/\/electroimpulso.com.ar\/catalogo\/wp-json\/wp\/v2\/media\/1862"}],"wp:attachment":[{"href":"https:\/\/electroimpulso.com.ar\/catalogo\/wp-json\/wp\/v2\/media?parent=2947"}],"wp:term":[{"taxonomy":"product_brand","embeddable":true,"href":"https:\/\/electroimpulso.com.ar\/catalogo\/wp-json\/wp\/v2\/product_brand?post=2947"},{"taxonomy":"product_cat","embeddable":true,"href":"https:\/\/electroimpulso.com.ar\/catalogo\/wp-json\/wp\/v2\/product_cat?post=2947"},{"taxonomy":"product_tag","embeddable":true,"href":"https:\/\/electroimpulso.com.ar\/catalogo\/wp-json\/wp\/v2\/product_tag?post=2947"}],"curies":[{"name":"wp","href":"https:\/\/api.w.org\/{rel}","templated":true}]}}