{"id":2939,"date":"2026-05-06T14:06:20","date_gmt":"2026-05-06T17:06:20","guid":{"rendered":"https:\/\/electroimpulso.com.ar\/catalogo\/?post_type=product&#038;p=2939"},"modified":"2026-05-06T14:10:26","modified_gmt":"2026-05-06T17:10:26","slug":"bateria-12v-100ah-litio","status":"publish","type":"product","link":"https:\/\/electroimpulso.com.ar\/catalogo\/producto\/bateria-12v-100ah-litio\/","title":{"rendered":"Bateria 12V 100Ah Litio monobloque marca Leoch &#8211; garantizada para motorhome"},"content":{"rendered":"<h2> Bateria 12V 100Ah Litio Leoch Monobloque 12V 100Ah con BMS interno <\/h2>\n<p>Corriente Max Descarga 100A<br \/>\nIP65<br \/>\nAprox 10kg<br \/>\nParalelizable hasta 2 unidades<br \/>\nApp v\u00eda Bluetooth para ver par\u00e1metros, ciclos, etc.<\/p>\n<p>Ante cualquier duda consulte, electroimpulso responder\u00e1 en breve.<\/p>\n<style>\n     .button {\n      background-color:blue;\n      border-color:red;\n      color:white;\n      }\n    <\/style>\n<p>\n<a class=\"button\" href=\"https:\/\/1drv.ms\/b\/c\/98fc53495582576b\/EfB27G0tYZZMh-5V86uqfsQB46IpbqAOOTo1p3dAYD6Cmg?e=lYFg1i\" target=\"_blank\" rel=\"noopener\">informaci\u00f3n t\u00e9cnica<\/a><br \/>\n<br \/>\n<a class=\"button\" href=\"https:\/\/1drv.ms\/u\/c\/98fc53495582576b\/IQA-XN9JQKzARLCP_tsl5aRxAQdGsv1YOYhuDJTpBHtgZYc?e=vbZzc9\" target=\"_blank\" rel=\"noopener\">APK app bluetooth Android<\/a><br \/>\n<br \/>\n<a class=\"button\" href=\"https:\/\/play.google.com\/store\/apps\/details?id=com.inuker.bluetooth.daliy&#038;pcampaignid=web_share\" target=\"_blank\" rel=\"noopener\">app smart bms playstore<\/a><br \/>\n<br \/>\n<a class=\"button disbled\" href=\"https:\/\/1drv.ms\/v\/c\/98fc53495582576b\/IQDCYU8jqEA0QZVw5R3YabXVAZJcf-0xulSk2NDlatZp2tY?e=ZgVMbf\" target=\"_blank\" rel=\"noopener\">video<\/a><\/p>\n","protected":false},"excerpt":{"rendered":"<p>Bateria 12V 100Ah Litio Leoch Monobloque 12V 100Ah con BMS interno Corriente Max Descarga 100A IP65 Aprox 10kg Paralelizable hasta 2 unidades App v\u00eda Bluetooth para ver par\u00e1metros, ciclos, etc. Ante cualquier duda consulte, electroimpulso responder\u00e1 en breve. informaci\u00f3n t\u00e9cnica APK app bluetooth Android app smart bms playstore video<\/p>\n","protected":false},"featured_media":2168,"template":"","meta":[],"product_brand":[],"product_cat":[24],"product_tag":[35,284,292],"class_list":{"0":"post-2939","1":"product","2":"type-product","3":"status-publish","4":"has-post-thumbnail","6":"product_cat-baterias","7":"product_tag-electroimpulso","8":"product_tag-leoch","9":"product_tag-lfp12100","11":"first","12":"instock","13":"shipping-taxable","14":"purchasable","15":"product-type-simple"},"_links":{"self":[{"href":"https:\/\/electroimpulso.com.ar\/catalogo\/wp-json\/wp\/v2\/product\/2939","targetHints":{"allow":["GET"]}}],"collection":[{"href":"https:\/\/electroimpulso.com.ar\/catalogo\/wp-json\/wp\/v2\/product"}],"about":[{"href":"https:\/\/electroimpulso.com.ar\/catalogo\/wp-json\/wp\/v2\/types\/product"}],"wp:featuredmedia":[{"embeddable":true,"href":"https:\/\/electroimpulso.com.ar\/catalogo\/wp-json\/wp\/v2\/media\/2168"}],"wp:attachment":[{"href":"https:\/\/electroimpulso.com.ar\/catalogo\/wp-json\/wp\/v2\/media?parent=2939"}],"wp:term":[{"taxonomy":"product_brand","embeddable":true,"href":"https:\/\/electroimpulso.com.ar\/catalogo\/wp-json\/wp\/v2\/product_brand?post=2939"},{"taxonomy":"product_cat","embeddable":true,"href":"https:\/\/electroimpulso.com.ar\/catalogo\/wp-json\/wp\/v2\/product_cat?post=2939"},{"taxonomy":"product_tag","embeddable":true,"href":"https:\/\/electroimpulso.com.ar\/catalogo\/wp-json\/wp\/v2\/product_tag?post=2939"}],"curies":[{"name":"wp","href":"https:\/\/api.w.org\/{rel}","templated":true}]}}