{"id":2850,"date":"2026-03-05T10:09:44","date_gmt":"2026-03-05T13:09:44","guid":{"rendered":"https:\/\/electroimpulso.com.ar\/catalogo\/?post_type=product&#038;p=2850"},"modified":"2026-03-28T17:42:08","modified_gmt":"2026-03-28T20:42:08","slug":"cargador-automatico-plomo-litio-12v-20a-24v-10a-fpt200","status":"publish","type":"product","link":"https:\/\/electroimpulso.com.ar\/catalogo\/producto\/cargador-automatico-plomo-litio-12v-20a-24v-10a-fpt200\/","title":{"rendered":"Cargador automatico plomo litio 12V 20A 24V 10A FPT200"},"content":{"rendered":"<p>Cargador Inteligente Autom\u00e1tico de Bater\u00edas 12V \/ 24V \u2013 7 Etapas<\/p>\n<p><img loading=\"lazy\" decoding=\"async\" class=\"size-medium wp-image-2876 aligncenter\" src=\"https:\/\/electroimpulso.com.ar\/catalogo\/wp-content\/uploads\/2026\/03\/Promo-inv-NML-2000-12-con-monitoreo-incluido-300x300.png\" alt=\"\" width=\"300\" height=\"300\" srcset=\"https:\/\/electroimpulso.com.ar\/catalogo\/wp-content\/uploads\/2026\/03\/Promo-inv-NML-2000-12-con-monitoreo-incluido-300x300.png 300w, https:\/\/electroimpulso.com.ar\/catalogo\/wp-content\/uploads\/2026\/03\/Promo-inv-NML-2000-12-con-monitoreo-incluido-150x150.png 150w, https:\/\/electroimpulso.com.ar\/catalogo\/wp-content\/uploads\/2026\/03\/Promo-inv-NML-2000-12-con-monitoreo-incluido-768x768.png 768w, https:\/\/electroimpulso.com.ar\/catalogo\/wp-content\/uploads\/2026\/03\/Promo-inv-NML-2000-12-con-monitoreo-incluido-324x324.png 324w, https:\/\/electroimpulso.com.ar\/catalogo\/wp-content\/uploads\/2026\/03\/Promo-inv-NML-2000-12-con-monitoreo-incluido-416x416.png 416w, https:\/\/electroimpulso.com.ar\/catalogo\/wp-content\/uploads\/2026\/03\/Promo-inv-NML-2000-12-con-monitoreo-incluido-100x100.png 100w, https:\/\/electroimpulso.com.ar\/catalogo\/wp-content\/uploads\/2026\/03\/Promo-inv-NML-2000-12-con-monitoreo-incluido.png 1024w\" sizes=\"auto, (max-width: 300px) 100vw, 300px\" \/><\/p>\n<p>Cargador de bater\u00edas port\u00e1til con sistema de carga inteligente de 7 etapas, dise\u00f1ado para recuperar,<br \/>\nmantener y cargar bater\u00edas de diferentes tecnolog\u00edas de forma segura y autom\u00e1tica.<br \/>\nEste equipo controla electr\u00f3nicamente el proceso de carga, optimizando el rendimiento y<br \/>\nprolongando la vida \u00fatil de la bater\u00eda. Incorpora pantalla LED informativa que muestra<br \/>\nel voltaje, la corriente de carga, el estado del proceso y los diferentes modos de funcionamiento.<\/p>\n<p>Es compatible con m\u00faltiples tipos de bater\u00edas, por lo que resulta ideal para autom\u00f3viles,<br \/>\nmotos, embarcaciones, sistemas solares y bancos de bater\u00edas.<\/p>\n<p>Caracter\u00edsticas principales<br \/>\nSistema de carga inteligente de 7 etapas<br \/>\nCompatible con bater\u00edas de 12 V y 24 V<br \/>\nPantalla LED con informaci\u00f3n de voltaje, corriente y estado de carga<br \/>\nModo reparaci\u00f3n \/ desulfataci\u00f3n para ayudar a recuperar bater\u00edas deterioradas<br \/>\nProtecci\u00f3n electr\u00f3nica autom\u00e1tica<br \/>\nDetecci\u00f3n autom\u00e1tica de bater\u00eda<br \/>\nControl de temperatura interna<br \/>\nDise\u00f1o port\u00e1til y f\u00e1cil de usar<\/p>\n<p>Tipos de bater\u00edas compatibles<br \/>\nBater\u00edas Plomo-\u00e1cido<br \/>\nAGM<br \/>\nGEL<br \/>\nSLA<br \/>\nWET (inundadas)<br \/>\nCiclo profundo<br \/>\nLiFePO4 (seg\u00fan modelo)<\/p>\n<p>Funciones del sistema<br \/>\nEl cargador incorpora distintos modos autom\u00e1ticos:<br \/>\nCarga inteligente multietapa<br \/>\nModo reparaci\u00f3n (desulfataci\u00f3n)<br \/>\nPrueba autom\u00e1tica de bater\u00eda<br \/>\nDetecci\u00f3n de voltaje bajo<br \/>\nIndicaci\u00f3n de bater\u00eda completamente cargada<br \/>\nModo espera<\/p>\n","protected":false},"excerpt":{"rendered":"<style>\n     .button {\n      background-color:blue;\n      border-color:red;\n      color:white;\n      }\n    <\/style>\n<p><a class=\"button\" href=\"https:\/\/1drv.ms\/b\/c\/98fc53495582576b\/IQC_bsNjRW5DT6IwPznFjNaxAZ2eXey85EWZdUFdCYwtwVA?e=WLrj5r\" target=\"_blank\" rel=\"noopener\">Informaci\u00f3n t\u00e9cnica<\/a><br \/>\n<br \/>\n<a class=\"button\" href=\"https:\/\/youtube.com\/shorts\/ApjJMA17MbA?si=nvYRTIPAe__8jHGw\" target=\"_blank\" rel=\"noopener\">Video<\/a><\/p>\n","protected":false},"featured_media":2851,"template":"","meta":[],"product_brand":[],"product_cat":[81],"product_tag":[32,60,133,35,317],"class_list":{"0":"post-2850","1":"product","2":"type-product","3":"status-publish","4":"has-post-thumbnail","6":"product_cat-cargadores","7":"product_tag-bateria","8":"product_tag-cargador","9":"product_tag-cargador-12v-20a","10":"product_tag-electroimpulso","11":"product_tag-fpt200","13":"first","14":"instock","15":"shipping-taxable","16":"purchasable","17":"product-type-simple"},"_links":{"self":[{"href":"https:\/\/electroimpulso.com.ar\/catalogo\/wp-json\/wp\/v2\/product\/2850","targetHints":{"allow":["GET"]}}],"collection":[{"href":"https:\/\/electroimpulso.com.ar\/catalogo\/wp-json\/wp\/v2\/product"}],"about":[{"href":"https:\/\/electroimpulso.com.ar\/catalogo\/wp-json\/wp\/v2\/types\/product"}],"wp:featuredmedia":[{"embeddable":true,"href":"https:\/\/electroimpulso.com.ar\/catalogo\/wp-json\/wp\/v2\/media\/2851"}],"wp:attachment":[{"href":"https:\/\/electroimpulso.com.ar\/catalogo\/wp-json\/wp\/v2\/media?parent=2850"}],"wp:term":[{"taxonomy":"product_brand","embeddable":true,"href":"https:\/\/electroimpulso.com.ar\/catalogo\/wp-json\/wp\/v2\/product_brand?post=2850"},{"taxonomy":"product_cat","embeddable":true,"href":"https:\/\/electroimpulso.com.ar\/catalogo\/wp-json\/wp\/v2\/product_cat?post=2850"},{"taxonomy":"product_tag","embeddable":true,"href":"https:\/\/electroimpulso.com.ar\/catalogo\/wp-json\/wp\/v2\/product_tag?post=2850"}],"curies":[{"name":"wp","href":"https:\/\/api.w.org\/{rel}","templated":true}]}}