{"id":2819,"date":"2026-02-02T14:05:30","date_gmt":"2026-02-02T17:05:30","guid":{"rendered":"https:\/\/electroimpulso.com.ar\/catalogo\/?post_type=product&#038;p=2819"},"modified":"2026-02-19T16:30:34","modified_gmt":"2026-02-19T19:30:34","slug":"inversor-senoidal-puro-12vcc-a-220vca-3000w-probattery","status":"publish","type":"product","link":"https:\/\/electroimpulso.com.ar\/catalogo\/producto\/inversor-senoidal-puro-12vcc-a-220vca-3000w-probattery\/","title":{"rendered":"Inversor Senoidal Puro 12vcc A 220vca 3000w Probattery"},"content":{"rendered":"<p>Potencia m\u00e1xima de operaci\u00f3n: 3000 W<br \/>\nPotencia pico: 6000 W<br \/>\nTipo de onda: Onda sinusoidal<br \/>\nCon salida USB: S\u00ed<br \/>\nOrganismo de certificaci\u00f3n (OCP): Bureau Veritas Argentina S.A.<\/p>\n<style>\n     .button {\n      background-color:blue;\n      border-color:red;\n      color:white;\n      }\n    <\/style>\n<p><a class=\"button\" href=\"https:\/\/pymes.andreani.com\/completa-tu-envio\/eyJhbGciOiJodHRwOi8vd3d3LnczLm9yZy8yMDAxLzA0L3htbGRzaWctbW9yZSNobWFjLXNoYTI1NiIsInR5cCI6IkpXVCJ9.eyJqdGkiOiIzOTdjZDdkNS1iNzkyLTRjM2YtOGE0Yy1mZGFjYzFkNzQyY2UiLCJuYmYiOjE3NDYxMDg1ODgsImV4cCI6MTkwMzg3NDk4OCwiaXNzIjoiUHltZUJhY2tlbmQtV2ViQXBpIiwiYXVkIjoiZnJvbnRlbmQtcHltZSJ9.prjFd17ra4EHLcXhy3SSA0zSyV1N8Lc9RW3oV1NOOUU\" target=\"_blank\" rel=\"noopener\">Andreani cotice env\u00edo<\/a><br \/>\n<br \/>\n<a class=\"button\" href=\"https:\/\/1drv.ms\/f\/s!AmtXglVJU_yYgplBlY4zFe0JPq3M7w?e=LCfQ4w\" target=\"_blank\" rel=\"noopener\">informaci\u00f3n t\u00e9cnica<\/a><br \/>\n<br \/>\n<a class=\"button\" href=\"https:\/\/youtube.com\/shorts\/1XioXon5aCc?feature=share\" target=\"_blank\" rel=\"noopener\">video<\/a><\/p>\n<p>https:\/\/pymes.andreani.com\/completa-tu-envio\/eyJhbGciOiJodHRwOi8vd3d3LnczLm9yZy8yMDAxLzA0L3htbGRzaWctbW9yZSNobWFjLXNoYTI1NiIsInR5cCI6IkpXVCJ9.eyJqdGkiOiIyMDZmNDY3Ni03MGYyLTQxMmUtOTI0Ni04YjY3MWI3MzUwZWMiLCJuYmYiOjE3NDYxMDc1ODAsImV4cCI6MTkwMzg3Mzk4MCwiaXNzIjoiUHltZUJhY2tlbmQtV2ViQXBpIiwiYXVkIjoiZnJvbnRlbmQtcHltZSJ9.wj_X3ficcmZUA4de5Q6ZEsO0mLArN1n1dYmNSIPbdG4<\/p>\n","protected":false},"excerpt":{"rendered":"<p>Potencia m\u00e1xima de operaci\u00f3n: 3000 W Potencia pico: 6000 W Tipo de onda: Onda sinusoidal Con salida USB: S\u00ed Organismo de certificaci\u00f3n (OCP): Bureau Veritas Argentina S.A. Andreani cotice env\u00edo informaci\u00f3n t\u00e9cnica video https:\/\/pymes.andreani.com\/completa-tu-envio\/eyJhbGciOiJodHRwOi8vd3d3LnczLm9yZy8yMDAxLzA0L3htbGRzaWctbW9yZSNobWFjLXNoYTI1NiIsInR5cCI6IkpXVCJ9.eyJqdGkiOiIyMDZmNDY3Ni03MGYyLTQxMmUtOTI0Ni04YjY3MWI3MzUwZWMiLCJuYmYiOjE3NDYxMDc1ODAsImV4cCI6MTkwMzg3Mzk4MCwiaXNzIjoiUHltZUJhY2tlbmQtV2ViQXBpIiwiYXVkIjoiZnJvbnRlbmQtcHltZSJ9.wj_X3ficcmZUA4de5Q6ZEsO0mLArN1n1dYmNSIPbdG4<\/p>\n","protected":false},"featured_media":1750,"template":"","meta":[],"product_brand":[],"product_cat":[19],"product_tag":[],"class_list":{"0":"post-2819","1":"product","2":"type-product","3":"status-publish","4":"has-post-thumbnail","6":"product_cat-inversores-off-grid-precisan-bateria","8":"first","9":"instock","10":"shipping-taxable","11":"purchasable","12":"product-type-simple"},"_links":{"self":[{"href":"https:\/\/electroimpulso.com.ar\/catalogo\/wp-json\/wp\/v2\/product\/2819","targetHints":{"allow":["GET"]}}],"collection":[{"href":"https:\/\/electroimpulso.com.ar\/catalogo\/wp-json\/wp\/v2\/product"}],"about":[{"href":"https:\/\/electroimpulso.com.ar\/catalogo\/wp-json\/wp\/v2\/types\/product"}],"wp:featuredmedia":[{"embeddable":true,"href":"https:\/\/electroimpulso.com.ar\/catalogo\/wp-json\/wp\/v2\/media\/1750"}],"wp:attachment":[{"href":"https:\/\/electroimpulso.com.ar\/catalogo\/wp-json\/wp\/v2\/media?parent=2819"}],"wp:term":[{"taxonomy":"product_brand","embeddable":true,"href":"https:\/\/electroimpulso.com.ar\/catalogo\/wp-json\/wp\/v2\/product_brand?post=2819"},{"taxonomy":"product_cat","embeddable":true,"href":"https:\/\/electroimpulso.com.ar\/catalogo\/wp-json\/wp\/v2\/product_cat?post=2819"},{"taxonomy":"product_tag","embeddable":true,"href":"https:\/\/electroimpulso.com.ar\/catalogo\/wp-json\/wp\/v2\/product_tag?post=2819"}],"curies":[{"name":"wp","href":"https:\/\/api.w.org\/{rel}","templated":true}]}}