{"id":2817,"date":"2026-02-02T14:01:52","date_gmt":"2026-02-02T17:01:52","guid":{"rendered":"https:\/\/electroimpulso.com.ar\/catalogo\/?post_type=product&#038;p=2817"},"modified":"2026-02-24T10:59:00","modified_gmt":"2026-02-24T13:59:00","slug":"inversor-cargador-growatt-spf6000es","status":"publish","type":"product","link":"https:\/\/electroimpulso.com.ar\/catalogo\/producto\/inversor-cargador-growatt-spf6000es\/","title":{"rendered":"Inversor Cargador Growatt Spf6000ES"},"content":{"rendered":"<p>El inversor cargador Growatt SPF6000ES es la soluci\u00f3n ideal para quienes buscan eficiencia y rendimiento en sus sistemas de energ\u00eda solar. Con una potencia m\u00e1xima de operaci\u00f3n de 6000 W y una potencia pico de 12000 W, este dispositivo garantiza un suministro energ\u00e9tico confiable y estable para tus necesidades diarias.<\/p>\n<p>Dise\u00f1ado con dos MPPT, el SPF6000ES optimiza la captaci\u00f3n de energ\u00eda solar, permitiendo un voltaje de entrada de bater\u00eda que var\u00eda entre 45 V y 60 V y paneles solares hasta 430V, su salida de voltaje se sit\u00faa entre 210 V y 230 V, asegurando que tus dispositivos funcionen de manera \u00f3ptima y segura.<\/p>\n<p>Con un dise\u00f1o compacto de 46 cm de altura, 40 mm de ancho y 14 mm de largo, y un peso de 14 kg, este inversor es f\u00e1cil de integrar en cualquier espacio. Adem\u00e1s, cuenta con un indicador LED y un bot\u00f3n de encendido\/apagado que facilitan su uso y monitoreo.<\/p>\n<p>La salida USB permite cargar dispositivos adicionales, brindando versatilidad y comodidad. La onda sinusoidal pura asegura que tus aparatos electr\u00f3nicos funcionen sin interferencias, lo que lo convierte en una opci\u00f3n confiable para el hogar o la oficina.<\/p>\n<p>Potencia m\u00e1xima de operaci\u00f3n: 6.000 W<br \/>\nPotencia pico: 12.000 W<br \/>\nAltura: 46 cm<br \/>\nAncho: 40 mm<br \/>\nLargo: 14 mm<br \/>\nPeso: 14 kg<br \/>\nTipo de onda: Onda sinusoidal<br \/>\nEs solar: S\u00ed<br \/>\nCon salida USB: S\u00ed<br \/>\nCon indicador LED: S\u00ed<br \/>\nCon bot\u00f3n de encendido\/apagado: S\u00ed<\/p>\n","protected":false},"excerpt":{"rendered":"<style>\n     .button {\n      background-color:blue;\n      border-color:red;\n      color:white;\n      }\n    <\/style>\n<p><a class=\"button\" href=\"https:\/\/1drv.ms\/f\/c\/98fc53495582576b\/Ek-_m9n7ATFNoAbLgou-KHkB0JzRd5AgrTaqdpdx1fG-Bg?e=harJzs\" target=\"_blank\" rel=\"noopener\">Informaci\u00f3n t\u00e9cnica<\/a><br \/>\n<br \/>\n<a class=\"button\" href=\"https:\/\/youtube.com\/shorts\/xgKlaBuUn3M\" target=\"_blank\" rel=\"noopener\">Video<\/a><br \/>\n<br \/>\n<a class=\"button\" href=\"https:\/\/www.youtube.com\/watch?v=UjbiRYGvW6Q\" target=\"_blank\" rel=\"noopener\">Video descripcion y armado del sistema castellano<\/a><br \/>\n<br \/>\n<a class=\"button\" href=\"https:\/\/1drv.ms\/b\/c\/98fc53495582576b\/IQAhzwa2MeS-Rrhsh2O-6cYSAZnJNK0XJE-oZvnmPOSlOyA?e=kADeNZ\" rel=\"noopener\">diagrama de instalaci\u00f3n sugerida<\/a><\/p>\n","protected":false},"featured_media":2091,"template":"","meta":[],"product_brand":[],"product_cat":[19],"product_tag":[35,72,181,53,180,285],"class_list":{"0":"post-2817","1":"product","2":"type-product","3":"status-publish","4":"has-post-thumbnail","6":"product_cat-inversores-off-grid-precisan-bateria","7":"product_tag-electroimpulso","8":"product_tag-growatt","9":"product_tag-hoja-de-datos","10":"product_tag-inversor","11":"product_tag-pdf","12":"product_tag-spf6000es","14":"first","15":"instock","16":"shipping-taxable","17":"purchasable","18":"product-type-simple"},"_links":{"self":[{"href":"https:\/\/electroimpulso.com.ar\/catalogo\/wp-json\/wp\/v2\/product\/2817","targetHints":{"allow":["GET"]}}],"collection":[{"href":"https:\/\/electroimpulso.com.ar\/catalogo\/wp-json\/wp\/v2\/product"}],"about":[{"href":"https:\/\/electroimpulso.com.ar\/catalogo\/wp-json\/wp\/v2\/types\/product"}],"wp:featuredmedia":[{"embeddable":true,"href":"https:\/\/electroimpulso.com.ar\/catalogo\/wp-json\/wp\/v2\/media\/2091"}],"wp:attachment":[{"href":"https:\/\/electroimpulso.com.ar\/catalogo\/wp-json\/wp\/v2\/media?parent=2817"}],"wp:term":[{"taxonomy":"product_brand","embeddable":true,"href":"https:\/\/electroimpulso.com.ar\/catalogo\/wp-json\/wp\/v2\/product_brand?post=2817"},{"taxonomy":"product_cat","embeddable":true,"href":"https:\/\/electroimpulso.com.ar\/catalogo\/wp-json\/wp\/v2\/product_cat?post=2817"},{"taxonomy":"product_tag","embeddable":true,"href":"https:\/\/electroimpulso.com.ar\/catalogo\/wp-json\/wp\/v2\/product_tag?post=2817"}],"curies":[{"name":"wp","href":"https:\/\/api.w.org\/{rel}","templated":true}]}}