{"id":2811,"date":"2026-02-02T13:39:43","date_gmt":"2026-02-02T16:39:43","guid":{"rendered":"https:\/\/electroimpulso.com.ar\/catalogo\/?post_type=product&#038;p=2811"},"modified":"2026-02-19T16:41:17","modified_gmt":"2026-02-19T19:41:17","slug":"inversor-cargador-12v-1000w-senoidal-con-reg-solar-mppt-40a-copia","status":"publish","type":"product","link":"https:\/\/electroimpulso.com.ar\/catalogo\/producto\/inversor-cargador-12v-1000w-senoidal-con-reg-solar-mppt-40a-copia\/","title":{"rendered":"Inversor Cargador 12v 1000W Senoidal Con Reg Solar MPPT 40A"},"content":{"rendered":"<p>El aparato ideal para tu casa de campo.<br \/>\n1000W de potencia son suficientes para tv, electrodom\u00e9sticos, heladera 80 litros, e iluminaci\u00f3n.<br \/>\n12V de alimentaci\u00f3n te permiten armar el sistema con s\u00f3lo 1 bater\u00eda<br \/>\nel regulador MPPT permite usar desde paneles de 36 celdas hasta los mas modernos half cell de hasta 550W con su amplio rango de voltaje de entrada de 28 a 100V.<br \/>\nPara armar la instalaci\u00f3n b\u00e1sica s\u00f3lo necesitar\u00e1s:<br \/>\nun tramo de cable de 16mm2 a 25mm2 para conectar la bater\u00eda, a este lo proteges con una t\u00e9rmica de 125A o un fusible de similar capacidad.<br \/>\nuna llave t\u00e9rmica o fusibles de 10A para proteger la salida de 220V del equipo<br \/>\nuna llave t\u00e9rmica de 20A y una protecci\u00f3n en caso de que uses paneles solares<br \/>\ny eso es todo, puedes descargar desde nuestra web el diagrama de instalaci\u00f3n, manual, folleto del equipo y el certificado de seguridad el\u00e9ctrica nacional.<\/p>\n<p>Ante cualquier duda cons\u00faltenos.<\/p>\n","protected":false},"excerpt":{"rendered":"<style>\n     .button {\n      background-color:blue;\n      border-color:red;\n      color:white;\n      }\n    <\/style>\n<p><a class=\"button\" href=\"https:\/\/1drv.ms\/b\/s!AmtXglVJU_yYhLNwkmGGKs6gojalHA?e=471EB5\"_blank\" rel=\"noopener\">instalaci\u00f3n sugerida<\/a><br \/>\n<br \/>\n<a class=\"button disabled\" href=\"\" target=\"_blank\" rel=\"noopener\">manual en castellano<\/a><br \/>\n<br \/>\n<a class=\"button disabled\" href=\"\" target=\"_blank\" rel=\"noopener\">video<\/a><\/p>\n","protected":false},"featured_media":2073,"template":"","meta":[],"product_brand":[],"product_cat":[19],"product_tag":[277,60,35,53,91,94,31],"class_list":{"0":"post-2811","1":"product","2":"type-product","3":"status-publish","4":"has-post-thumbnail","6":"product_cat-inversores-off-grid-precisan-bateria","7":"product_tag-1500w","8":"product_tag-cargador","9":"product_tag-electroimpulso","10":"product_tag-inversor","11":"product_tag-must","12":"product_tag-senoidal","13":"product_tag-solar","15":"first","16":"instock","17":"shipping-taxable","18":"purchasable","19":"product-type-simple"},"_links":{"self":[{"href":"https:\/\/electroimpulso.com.ar\/catalogo\/wp-json\/wp\/v2\/product\/2811","targetHints":{"allow":["GET"]}}],"collection":[{"href":"https:\/\/electroimpulso.com.ar\/catalogo\/wp-json\/wp\/v2\/product"}],"about":[{"href":"https:\/\/electroimpulso.com.ar\/catalogo\/wp-json\/wp\/v2\/types\/product"}],"wp:featuredmedia":[{"embeddable":true,"href":"https:\/\/electroimpulso.com.ar\/catalogo\/wp-json\/wp\/v2\/media\/2073"}],"wp:attachment":[{"href":"https:\/\/electroimpulso.com.ar\/catalogo\/wp-json\/wp\/v2\/media?parent=2811"}],"wp:term":[{"taxonomy":"product_brand","embeddable":true,"href":"https:\/\/electroimpulso.com.ar\/catalogo\/wp-json\/wp\/v2\/product_brand?post=2811"},{"taxonomy":"product_cat","embeddable":true,"href":"https:\/\/electroimpulso.com.ar\/catalogo\/wp-json\/wp\/v2\/product_cat?post=2811"},{"taxonomy":"product_tag","embeddable":true,"href":"https:\/\/electroimpulso.com.ar\/catalogo\/wp-json\/wp\/v2\/product_tag?post=2811"}],"curies":[{"name":"wp","href":"https:\/\/api.w.org\/{rel}","templated":true}]}}