{"id":2809,"date":"2026-02-02T12:25:02","date_gmt":"2026-02-02T15:25:02","guid":{"rendered":"https:\/\/electroimpulso.com.ar\/catalogo\/?post_type=product&#038;p=2809"},"modified":"2026-02-02T12:32:03","modified_gmt":"2026-02-02T15:32:03","slug":"panel-solar-amerisolar-400w-as-7m108-hc-430w","status":"publish","type":"product","link":"https:\/\/electroimpulso.com.ar\/catalogo\/producto\/panel-solar-amerisolar-400w-as-7m108-hc-430w\/","title":{"rendered":"Panel solar amerisolar 430W as-7m108-hc-430W"},"content":{"rendered":"<p>Panel solar de alta eficiencia con tecnolog\u00eda monocristal y perc. 430W de potencia<\/p>\n<style>\n     .button {\n      background-color:blue;\n      border-color:red;\n      color:white;\n      }\n    <\/style>\n<p><a class=\"button\" href=\"https:\/\/1drv.ms\/b\/c\/98fc53495582576b\/IQAvxJNQq4lRR5V8jEwGtrMbAbgdmPGNPGr_c-pqA9kTwlo?e=yJs3VO\" target=\"_blank\" rel=\"noopener\">informaci\u00f3n t\u00e9cnica<\/a><\/p>\n","protected":false},"excerpt":{"rendered":"<p>Panel solar de alta eficiencia con tecnolog\u00eda monocristal y perc. 430W de potencia informaci\u00f3n t\u00e9cnica<\/p>\n","protected":false},"featured_media":1892,"template":"","meta":[],"product_brand":[],"product_cat":[16],"product_tag":[62,209,35],"class_list":{"0":"post-2809","1":"product","2":"type-product","3":"status-publish","4":"has-post-thumbnail","6":"product_cat-paneles","7":"product_tag-amerisolar","8":"product_tag-as-7m108-hc-400w","9":"product_tag-electroimpulso","11":"first","12":"instock","13":"shipping-taxable","14":"purchasable","15":"product-type-simple"},"_links":{"self":[{"href":"https:\/\/electroimpulso.com.ar\/catalogo\/wp-json\/wp\/v2\/product\/2809","targetHints":{"allow":["GET"]}}],"collection":[{"href":"https:\/\/electroimpulso.com.ar\/catalogo\/wp-json\/wp\/v2\/product"}],"about":[{"href":"https:\/\/electroimpulso.com.ar\/catalogo\/wp-json\/wp\/v2\/types\/product"}],"wp:featuredmedia":[{"embeddable":true,"href":"https:\/\/electroimpulso.com.ar\/catalogo\/wp-json\/wp\/v2\/media\/1892"}],"wp:attachment":[{"href":"https:\/\/electroimpulso.com.ar\/catalogo\/wp-json\/wp\/v2\/media?parent=2809"}],"wp:term":[{"taxonomy":"product_brand","embeddable":true,"href":"https:\/\/electroimpulso.com.ar\/catalogo\/wp-json\/wp\/v2\/product_brand?post=2809"},{"taxonomy":"product_cat","embeddable":true,"href":"https:\/\/electroimpulso.com.ar\/catalogo\/wp-json\/wp\/v2\/product_cat?post=2809"},{"taxonomy":"product_tag","embeddable":true,"href":"https:\/\/electroimpulso.com.ar\/catalogo\/wp-json\/wp\/v2\/product_tag?post=2809"}],"curies":[{"name":"wp","href":"https:\/\/api.w.org\/{rel}","templated":true}]}}