{"id":2808,"date":"2026-02-02T12:16:11","date_gmt":"2026-02-02T15:16:11","guid":{"rendered":"https:\/\/electroimpulso.com.ar\/catalogo\/?post_type=product&#038;p=2808"},"modified":"2026-02-02T12:17:33","modified_gmt":"2026-02-02T15:17:33","slug":"inversor-cargador-12v-1500w-senoidal-con-reg-solar-mppt-60a-copia","status":"publish","type":"product","link":"https:\/\/electroimpulso.com.ar\/catalogo\/producto\/inversor-cargador-12v-1500w-senoidal-con-reg-solar-mppt-60a-copia\/","title":{"rendered":"Inversor Cargador 12v 1500w Senoidal Con Reg Solar Mppt 60A"},"content":{"rendered":"<p>El aparato ideal para tu casa de campo.<br \/>\n1500W de potencia son suficientes para arrancar heladeras convencionales, tv, electrodomesticos e iluminaci\u00f3n.<br \/>\n12V de alimentaci\u00f3n te permiten armar el sistema con s\u00f3lo 1 bater\u00eda<br \/>\nel regulador MPPT permite usar desde paneles de 36 celdas hasta los mas modernos half cell de hasta 720W con su amplio rango de voltaje de entrada de 15 a 130V.<br \/>\nPara armar la instalaci\u00f3n b\u00e1sica s\u00f3lo necesitar\u00e1s:<br \/>\nun tramo de cable de 16mm2 para conectar la bater\u00eda, a este lo proteges con una t\u00e9rmica de 125A o un fusible de similar capacidad.<br \/>\nuna llave t\u00e9rmica o fusibles de 10A para proteger la salida de 220V del equipo<br \/>\nuna llave t\u00e9rmica de 20A y una protecci\u00f3n en caso de que uses paneles solares<br \/>\ny eso es todo, puedes descargar desde nuestra web el diagrama de instalaci\u00f3n, manual, folleto del equipo y el certificado de seguridad el\u00e9ctrica nacional.<\/p>\n<p>Organismo de certificaci\u00f3n (OCP): Lenor S.R.L.<br \/>\nN\u00famero de certificado de seguridad el\u00e9ctrica: LCS-3622<br \/>\nOtros<br \/>\nPotencia m\u00e1xima de operaci\u00f3n: 1500 W<br \/>\nPotencia pico: 3000 W<br \/>\nAltura: 318 mm<br \/>\nAncho: 255 mm<br \/>\nLargo: 110 mm<br \/>\nPeso: 5.5 kg<br \/>\nTipo de onda: Onda sinusoidal<br \/>\nCon salida USB: S\u00ed<br \/>\nCon indicador LED: S\u00ed<br \/>\nCon bot\u00f3n de encendido\/apagado: S\u00ed<\/p>\n","protected":false},"excerpt":{"rendered":"<style>\n     .button {\n      background-color:blue;\n      border-color:red;\n      color:white;\n      }\n    <\/style>\n<p>\n<a class=\"button\" href=\"https:\/\/1drv.ms\/b\/s!AmtXglVJU_yYg5Vy7N5LlIe6X-Iu2Q?e=pUKbLY\" target=\"_blank\" rel=\"noopener\">informaci\u00f3n t\u00e9cnica<\/a><br \/>\n<br \/>\n<a class=\"button\" href=\"https:\/\/1drv.ms\/f\/s!AmtXglVJU_yYg4cmzp2iPNVKrV31bg?e=1sujc9\" target=\"_blank\" rel=\"noopener\">manual en castellano<\/a><br \/>\n<br \/>\n<a class=\"button\" href=\"https:\/\/1drv.ms\/f\/s!AmtXglVJU_yYg7xfFmD2msNOo6wuaQ?e=9kykrw\" target=\"_blank\" rel=\"noopener\">instalacion sugerida<\/a><br \/>\n<br \/>\n<a class=\"button\" href=\"https:\/\/1drv.ms\/b\/c\/98fc53495582576b\/Edd5NjvU5IBFpGEUmHGhphMBz4blv_1W0mJJnX3daN_j-A?e=iGb42c\" target=\"_blank\" rel=\"noopener\">Seteo para uso con bater\u00eda LiFePo4<\/a><br \/>\n<br \/>\n<a class=\"button\" href=\"https:\/\/youtu.be\/HfAjhmxcmoE\" target=\"_blank\" rel=\"noopener\">video<\/a><\/p>\n","protected":false},"featured_media":1819,"template":"","meta":[],"product_brand":[],"product_cat":[19],"product_tag":[277,60,35,53,91,94,31],"class_list":{"0":"post-2808","1":"product","2":"type-product","3":"status-publish","4":"has-post-thumbnail","6":"product_cat-inversores-off-grid-precisan-bateria","7":"product_tag-1500w","8":"product_tag-cargador","9":"product_tag-electroimpulso","10":"product_tag-inversor","11":"product_tag-must","12":"product_tag-senoidal","13":"product_tag-solar","15":"first","16":"instock","17":"shipping-taxable","18":"purchasable","19":"product-type-simple"},"_links":{"self":[{"href":"https:\/\/electroimpulso.com.ar\/catalogo\/wp-json\/wp\/v2\/product\/2808","targetHints":{"allow":["GET"]}}],"collection":[{"href":"https:\/\/electroimpulso.com.ar\/catalogo\/wp-json\/wp\/v2\/product"}],"about":[{"href":"https:\/\/electroimpulso.com.ar\/catalogo\/wp-json\/wp\/v2\/types\/product"}],"wp:featuredmedia":[{"embeddable":true,"href":"https:\/\/electroimpulso.com.ar\/catalogo\/wp-json\/wp\/v2\/media\/1819"}],"wp:attachment":[{"href":"https:\/\/electroimpulso.com.ar\/catalogo\/wp-json\/wp\/v2\/media?parent=2808"}],"wp:term":[{"taxonomy":"product_brand","embeddable":true,"href":"https:\/\/electroimpulso.com.ar\/catalogo\/wp-json\/wp\/v2\/product_brand?post=2808"},{"taxonomy":"product_cat","embeddable":true,"href":"https:\/\/electroimpulso.com.ar\/catalogo\/wp-json\/wp\/v2\/product_cat?post=2808"},{"taxonomy":"product_tag","embeddable":true,"href":"https:\/\/electroimpulso.com.ar\/catalogo\/wp-json\/wp\/v2\/product_tag?post=2808"}],"curies":[{"name":"wp","href":"https:\/\/api.w.org\/{rel}","templated":true}]}}