{"id":2793,"date":"2026-01-24T11:09:06","date_gmt":"2026-01-24T14:09:06","guid":{"rendered":"https:\/\/electroimpulso.com.ar\/catalogo\/?post_type=product&#038;p=2793"},"modified":"2026-01-24T11:18:05","modified_gmt":"2026-01-24T14:18:05","slug":"orion-smart-12v-24v-10a-240w-cargador-dc-dc-para-lifepo4-copia","status":"publish","type":"product","link":"https:\/\/electroimpulso.com.ar\/catalogo\/producto\/orion-smart-12v-24v-10a-240w-cargador-dc-dc-para-lifepo4-copia\/","title":{"rendered":"Orion Smart 12V-24V 10A 240W Cargador DC DC para LiFePo4"},"content":{"rendered":"<p>Para cargar bater\u00edas de litio (LiFePO4) en un veh\u00edculo con alternador y bater\u00eda de plomo es imprescindible utilizar un cargador espec\u00edfico con perfil de carga CC\/CV (corriente constante\/voltaje constante) o cargadores inteligentes compatibles con litio, garantizando voltajes de carga de 28.8V &#8211; 29.2V. Se recomiendan cargadores de alterna a continua (AC-DC) para 220V o equipos DC-DC para cargar desde el alternador.<\/p>\n<p>Bluetooth Smart habilitado<br \/>\n\u2022 Se puede usar cualquier smartphone, tableta u otro tipo de dispositivo con Bluetooth para monitorizar, cambiar<br \/>\nlos ajustes y actualizar el cargador cuando haya nuevas funciones de software disponibles.<br \/>\n\u2022 Instant Readout (lectura instant\u00e1nea): La aplicaci\u00f3n VictronConnect puede mostrar los datos m\u00e1s importantes,<br \/>\nincluyendo avisos y alarmas, en la p\u00e1gina de la lista de dispositivos sin necesidad de conectarse al producto.<\/p>\n<p>Completamente programable<br \/>\n\u2022 Algoritmo de carga de bater\u00edas (configurable) o salida fija.<br \/>\n\u2022 Compatibilidad inteligente con el alternador: mecanismo de detecci\u00f3n de motor en marcha.<br \/>\nAlgoritmo de carga adaptable de 3 etapas: carga inicial \u2013 absorci\u00f3n \u2013 flotaci\u00f3n<br \/>\n\u2022 En el caso de las bater\u00edas de plomo-\u00e1cido es importante que, si las descargas son leves, el tiempo de absorci\u00f3n<br \/>\nsea corto para evitar sobrecargar la bater\u00eda. Despu\u00e9s de una descarga profunda, el tiempo de carga de<br \/>\nabsorci\u00f3n aumenta autom\u00e1ticamente para garantizar una recarga completa de la bater\u00eda.<br \/>\n\u2022 En el caso de las bater\u00edas de litio, el tiempo de absorci\u00f3n es fijo: 2 horas por defecto.<br \/>\n\u2022 Alternativamente, se puede optar or una tensi\u00f3n de salida fija.<br \/>\nAdecuado para su uso en veh\u00edculos con un alternador inteligente (motores Euro 5 y Euro 6)<br \/>\nLa detecci\u00f3n integrada de apagado del motor detendr\u00e1 el convertidor cuando el motor no est\u00e9 funcionando.<br \/>\nEsto impide que se descargue la bater\u00eda de arranque (consulte los detalles en el manual).<br \/>\nOn\/Off remoto<br \/>\nSe puede conectar un interruptor On\/Off remoto a un conector bif\u00e1sico.<br \/>\nAlternativamente, el terminal H (derecha) del conector bif\u00e1sico puede cambiarse al positivo de la bater\u00eda, o el<br \/>\nterminal L (izquierda) del conector bif\u00e1sico puede cambiarse al negativo de la bater\u00eda (o al chasis del veh\u00edculo, por<br \/>\nejemplo).<br \/>\nTodos los modelos son a prueba de cortocircuitos y pueden conectarse en paralelo para incrementar la<br \/>\ncorriente de salida.<br \/>\nPuede conectarse un n\u00famero ilimitado de unidades en paralelo.<br \/>\nProctecci\u00f3n contra las altas temperaturas:<br \/>\nLa corriente de salida se reducir\u00e1 cuando la temperatura ambiente sea alta.<br \/>\nProtecci\u00f3n IP43<br \/>\nSi se instala con los bornes de tornillo orientados hacia abajo.<br \/>\nBornes de tornillo<br \/>\nNo se necesitan herramientas especiales para su instalaci\u00f3n<br \/>\nFusible de entrada (no reemplazable)<\/p>\n<p>Este equipo asegura que la bater\u00eda LiFePo4 se cargue con tensi\u00f3n y corriente controladas, tomando solo una potencia limitada desde el<br \/>\nsistema el\u00e9ctrico del veh\u00edculo.<\/p>\n","protected":false},"excerpt":{"rendered":"<style>\n     .button {\n      background-color:blue;\n      border-color:red;\n      color:white;\n      }\n    <\/style>\n<p><a class=\"button\" href=\"https:\/\/1drv.ms\/b\/c\/98fc53495582576b\/IQCbzKCFYxRiRKx4nGf04IOLAasdNkX1EW6j21xxzfO6f0c?e=AlfNj5\" target=\"_blank\" rel=\"noopener\">informaci\u00f3n t\u00e9cnica<\/a><br \/>\n<br \/>\n<a class=\"button disabled\" href=\"\" target=\"_blank\" rel=\"noopener\">video<\/a><\/p>\n","protected":false},"featured_media":2794,"template":"","meta":[],"product_brand":[],"product_cat":[81],"product_tag":[314,35,316,313,315],"class_list":{"0":"post-2793","1":"product","2":"type-product","3":"status-publish","4":"has-post-thumbnail","6":"product_cat-cargadores","7":"product_tag-dc-dc","8":"product_tag-electroimpulso","9":"product_tag-lifepo4","10":"product_tag-orion","11":"product_tag-victron","13":"first","14":"instock","15":"shipping-taxable","16":"purchasable","17":"product-type-simple"},"_links":{"self":[{"href":"https:\/\/electroimpulso.com.ar\/catalogo\/wp-json\/wp\/v2\/product\/2793","targetHints":{"allow":["GET"]}}],"collection":[{"href":"https:\/\/electroimpulso.com.ar\/catalogo\/wp-json\/wp\/v2\/product"}],"about":[{"href":"https:\/\/electroimpulso.com.ar\/catalogo\/wp-json\/wp\/v2\/types\/product"}],"wp:featuredmedia":[{"embeddable":true,"href":"https:\/\/electroimpulso.com.ar\/catalogo\/wp-json\/wp\/v2\/media\/2794"}],"wp:attachment":[{"href":"https:\/\/electroimpulso.com.ar\/catalogo\/wp-json\/wp\/v2\/media?parent=2793"}],"wp:term":[{"taxonomy":"product_brand","embeddable":true,"href":"https:\/\/electroimpulso.com.ar\/catalogo\/wp-json\/wp\/v2\/product_brand?post=2793"},{"taxonomy":"product_cat","embeddable":true,"href":"https:\/\/electroimpulso.com.ar\/catalogo\/wp-json\/wp\/v2\/product_cat?post=2793"},{"taxonomy":"product_tag","embeddable":true,"href":"https:\/\/electroimpulso.com.ar\/catalogo\/wp-json\/wp\/v2\/product_tag?post=2793"}],"curies":[{"name":"wp","href":"https:\/\/api.w.org\/{rel}","templated":true}]}}