{"id":2790,"date":"2026-01-24T11:08:01","date_gmt":"2026-01-24T14:08:01","guid":{"rendered":"https:\/\/electroimpulso.com.ar\/catalogo\/?post_type=product&#038;p=2790"},"modified":"2026-01-24T11:08:01","modified_gmt":"2026-01-24T14:08:01","slug":"orion-smart-12v-12v-18a-220w-cargador-dc-dc-para-lifepo4","status":"publish","type":"product","link":"https:\/\/electroimpulso.com.ar\/catalogo\/producto\/orion-smart-12v-12v-18a-220w-cargador-dc-dc-para-lifepo4\/","title":{"rendered":"Orion Smart 12V-12V 18A 220W Cargador DC DC para LiFePo4"},"content":{"rendered":"<p>Para cargar bater\u00edas de litio (LiFePO4) en un veh\u00edculo con alternador y bater\u00eda de plomo es imprescindible utilizar un cargador espec\u00edfico con perfil de carga CC\/CV (corriente constante\/voltaje constante) o cargadores inteligentes compatibles con litio, garantizando voltajes de carga de 14.4V &#8211; 14.6V. Se recomiendan cargadores de alterna a continua (AC-DC) para 220V o equipos DC-DC para cargar desde el alternador.<\/p>\n<p>Este equipo asegura que la bater\u00eda LiFePo4 se cargue con tensi\u00f3n y corriente controladas, tomando solo una potencia limitada desde el<br \/>\nsistema el\u00e9ctrico del veh\u00edculo.<\/p>\n","protected":false},"excerpt":{"rendered":"<style>\n     .button {\n      background-color:blue;\n      border-color:red;\n      color:white;\n      }\n    <\/style>\n<p><a class=\"button\" href=\"https:\/\/1drv.ms\/b\/c\/98fc53495582576b\/IQCbzKCFYxRiRKx4nGf04IOLAasdNkX1EW6j21xxzfO6f0c?e=AlfNj5\" target=\"_blank\" rel=\"noopener\">informaci\u00f3n t\u00e9cnica<\/a><br \/>\n<br \/>\n<a class=\"button disabled\" href=\"\" target=\"_blank\" rel=\"noopener\">video<\/a><\/p>\n","protected":false},"featured_media":2791,"template":"","meta":[],"product_brand":[],"product_cat":[81],"product_tag":[314,35,316,313,315],"class_list":{"0":"post-2790","1":"product","2":"type-product","3":"status-publish","4":"has-post-thumbnail","6":"product_cat-cargadores","7":"product_tag-dc-dc","8":"product_tag-electroimpulso","9":"product_tag-lifepo4","10":"product_tag-orion","11":"product_tag-victron","13":"first","14":"instock","15":"shipping-taxable","16":"purchasable","17":"product-type-simple"},"_links":{"self":[{"href":"https:\/\/electroimpulso.com.ar\/catalogo\/wp-json\/wp\/v2\/product\/2790","targetHints":{"allow":["GET"]}}],"collection":[{"href":"https:\/\/electroimpulso.com.ar\/catalogo\/wp-json\/wp\/v2\/product"}],"about":[{"href":"https:\/\/electroimpulso.com.ar\/catalogo\/wp-json\/wp\/v2\/types\/product"}],"wp:featuredmedia":[{"embeddable":true,"href":"https:\/\/electroimpulso.com.ar\/catalogo\/wp-json\/wp\/v2\/media\/2791"}],"wp:attachment":[{"href":"https:\/\/electroimpulso.com.ar\/catalogo\/wp-json\/wp\/v2\/media?parent=2790"}],"wp:term":[{"taxonomy":"product_brand","embeddable":true,"href":"https:\/\/electroimpulso.com.ar\/catalogo\/wp-json\/wp\/v2\/product_brand?post=2790"},{"taxonomy":"product_cat","embeddable":true,"href":"https:\/\/electroimpulso.com.ar\/catalogo\/wp-json\/wp\/v2\/product_cat?post=2790"},{"taxonomy":"product_tag","embeddable":true,"href":"https:\/\/electroimpulso.com.ar\/catalogo\/wp-json\/wp\/v2\/product_tag?post=2790"}],"curies":[{"name":"wp","href":"https:\/\/api.w.org\/{rel}","templated":true}]}}