{"id":270,"date":"2021-01-02T22:20:58","date_gmt":"2021-01-03T01:20:58","guid":{"rendered":"https:\/\/electroimpulso.com.ar\/catalogo\/producto\/conversor-inversor-12v-a-220v-1000w-siltron-senoidal-modific\/"},"modified":"2023-01-19T15:33:32","modified_gmt":"2023-01-19T18:33:32","slug":"conversor-inversor-12v-a-220v-1000w-siltron-senoidal-modific","status":"publish","type":"product","link":"https:\/\/electroimpulso.com.ar\/catalogo\/producto\/conversor-inversor-12v-a-220v-1000w-siltron-senoidal-modific\/","title":{"rendered":"Conversor Inversor 12v A 220v 1000w Siltron Senoidal Modificada"},"content":{"rendered":"<p>Conversor 12V a 220V 1000W<br \/>\nCon cargador USB<\/p>\n<p>Apto para notebooks<br \/>\nTV LED 50&#8243;<\/p>\n<p>art\u00edculos electr\u00f3nicos<\/p>\n<p>equipos de m\u00fasica<br \/>\nTaladros<br \/>\nLicuadoras<br \/>\nMinipimer<br \/>\nMarca: Siltron<\/p>\n","protected":false},"excerpt":{"rendered":"<p>Conversor 12V a 220V 1000W Con cargador USB Apto para notebooks TV LED 50&#8243; art\u00edculos electr\u00f3nicos equipos de m\u00fasica Taladros Licuadoras Minipimer Marca: Siltron<\/p>\n","protected":false},"featured_media":604,"template":"","meta":[],"product_brand":[],"product_cat":[19],"product_tag":[],"class_list":{"0":"post-270","1":"product","2":"type-product","3":"status-publish","4":"has-post-thumbnail","6":"product_cat-inversores-off-grid-precisan-bateria","8":"first","9":"instock","10":"shipping-taxable","11":"product-type-simple"},"_links":{"self":[{"href":"https:\/\/electroimpulso.com.ar\/catalogo\/wp-json\/wp\/v2\/product\/270","targetHints":{"allow":["GET"]}}],"collection":[{"href":"https:\/\/electroimpulso.com.ar\/catalogo\/wp-json\/wp\/v2\/product"}],"about":[{"href":"https:\/\/electroimpulso.com.ar\/catalogo\/wp-json\/wp\/v2\/types\/product"}],"wp:featuredmedia":[{"embeddable":true,"href":"https:\/\/electroimpulso.com.ar\/catalogo\/wp-json\/wp\/v2\/media\/604"}],"wp:attachment":[{"href":"https:\/\/electroimpulso.com.ar\/catalogo\/wp-json\/wp\/v2\/media?parent=270"}],"wp:term":[{"taxonomy":"product_brand","embeddable":true,"href":"https:\/\/electroimpulso.com.ar\/catalogo\/wp-json\/wp\/v2\/product_brand?post=270"},{"taxonomy":"product_cat","embeddable":true,"href":"https:\/\/electroimpulso.com.ar\/catalogo\/wp-json\/wp\/v2\/product_cat?post=270"},{"taxonomy":"product_tag","embeddable":true,"href":"https:\/\/electroimpulso.com.ar\/catalogo\/wp-json\/wp\/v2\/product_tag?post=270"}],"curies":[{"name":"wp","href":"https:\/\/api.w.org\/{rel}","templated":true}]}}