{"id":2699,"date":"2025-11-17T12:31:58","date_gmt":"2025-11-17T15:31:58","guid":{"rendered":"https:\/\/electroimpulso.com.ar\/catalogo\/?post_type=product&#038;p=2699"},"modified":"2025-11-17T12:31:59","modified_gmt":"2025-11-17T15:31:59","slug":"sensor-infrarrojo-para-alarma-inalambrica-zx-g30","status":"publish","type":"product","link":"https:\/\/electroimpulso.com.ar\/catalogo\/producto\/sensor-infrarrojo-para-alarma-inalambrica-zx-g30\/","title":{"rendered":"Sensor infrarrojo para alarma inal\u00e1mbrica ZX-G30"},"content":{"rendered":"<p>Sensor extra para alarma inal\u00e1mbrica<br \/>\nfunciona con 3 pilas AA, duran m\u00e1s de 1 a\u00f1o<br \/>\ntransmite en la banda de 433 MHz hacia la central de alarma<br \/>\nhay que configurar la central para que tome el sensor, eso no es autom\u00e1tico.<\/p>\n","protected":false},"excerpt":{"rendered":"<p>Sensor extra para alarma inal\u00e1mbrica funciona con 3 pilas AA, duran m\u00e1s de 1 a\u00f1o transmite en la banda de 433 MHz hacia la central de alarma hay que configurar la central para que tome el sensor, eso no es autom\u00e1tico.<\/p>\n","protected":false},"featured_media":2700,"template":"","meta":[],"product_brand":[],"product_cat":[78],"product_tag":[35,307,306,305],"class_list":{"0":"post-2699","1":"product","2":"type-product","3":"status-publish","4":"has-post-thumbnail","6":"product_cat-domotica-y-automatizacion","7":"product_tag-electroimpulso","8":"product_tag-inalambrico","9":"product_tag-infrarrojo","10":"product_tag-sensor","12":"first","13":"instock","14":"shipping-taxable","15":"purchasable","16":"product-type-simple"},"_links":{"self":[{"href":"https:\/\/electroimpulso.com.ar\/catalogo\/wp-json\/wp\/v2\/product\/2699","targetHints":{"allow":["GET"]}}],"collection":[{"href":"https:\/\/electroimpulso.com.ar\/catalogo\/wp-json\/wp\/v2\/product"}],"about":[{"href":"https:\/\/electroimpulso.com.ar\/catalogo\/wp-json\/wp\/v2\/types\/product"}],"wp:featuredmedia":[{"embeddable":true,"href":"https:\/\/electroimpulso.com.ar\/catalogo\/wp-json\/wp\/v2\/media\/2700"}],"wp:attachment":[{"href":"https:\/\/electroimpulso.com.ar\/catalogo\/wp-json\/wp\/v2\/media?parent=2699"}],"wp:term":[{"taxonomy":"product_brand","embeddable":true,"href":"https:\/\/electroimpulso.com.ar\/catalogo\/wp-json\/wp\/v2\/product_brand?post=2699"},{"taxonomy":"product_cat","embeddable":true,"href":"https:\/\/electroimpulso.com.ar\/catalogo\/wp-json\/wp\/v2\/product_cat?post=2699"},{"taxonomy":"product_tag","embeddable":true,"href":"https:\/\/electroimpulso.com.ar\/catalogo\/wp-json\/wp\/v2\/product_tag?post=2699"}],"curies":[{"name":"wp","href":"https:\/\/api.w.org\/{rel}","templated":true}]}}