{"id":2678,"date":"2025-10-30T10:36:40","date_gmt":"2025-10-30T13:36:40","guid":{"rendered":"https:\/\/electroimpulso.com.ar\/catalogo\/?post_type=product&#038;p=2678"},"modified":"2026-02-19T15:24:53","modified_gmt":"2026-02-19T18:24:53","slug":"inversor-cargador-growatt-spf-3000-tl-hvm-48-copia","status":"publish","type":"product","link":"https:\/\/electroimpulso.com.ar\/catalogo\/producto\/inversor-cargador-growatt-spf-3000-tl-hvm-48-copia\/","title":{"rendered":"Inversor Cargador Growatt Spf 3000 TL HVM 48 (copia)"},"content":{"rendered":"<p>Inversor Growatt FV Off Grid de 3000VA<br \/>\ncon 1 regulador MPPT de 1500W con voltaje m\u00e1ximo de entrada de 145V<br \/>\nNo es paralelizable.<br \/>\nIncluye dongle WIFI<\/p>\n<style>\n     .button {\n      background-color:blue;\n      border-color:red;\n      color:white;\n      }\n    <\/style>\n<p><a class=\"button\" href=\"https:\/\/1drv.ms\/b\/c\/98fc53495582576b\/EWtXglVJU_wggJgtdgAAAAABLPiB6eVccGWwGgPlkbKuOQ?e=sPGpnK\" target=\"_blank\" rel=\"noopener\">informaci\u00f3n t\u00e9cnica<\/a><\/p>\n","protected":false},"excerpt":{"rendered":"<p>Inversor Growatt FV Off Grid de 3000VA con 1 regulador MPPT de 1500W con voltaje m\u00e1ximo de entrada de 145V No es paralelizable. Incluye dongle WIFI informaci\u00f3n t\u00e9cnica<\/p>\n","protected":false},"featured_media":2253,"template":"","meta":[],"product_brand":[],"product_cat":[19],"product_tag":[35,72,181,53,180,115],"class_list":{"0":"post-2678","1":"product","2":"type-product","3":"status-publish","4":"has-post-thumbnail","6":"product_cat-inversores-off-grid-precisan-bateria","7":"product_tag-electroimpulso","8":"product_tag-growatt","9":"product_tag-hoja-de-datos","10":"product_tag-inversor","11":"product_tag-pdf","12":"product_tag-spf5000es","14":"first","15":"instock","16":"shipping-taxable","17":"purchasable","18":"product-type-simple"},"_links":{"self":[{"href":"https:\/\/electroimpulso.com.ar\/catalogo\/wp-json\/wp\/v2\/product\/2678","targetHints":{"allow":["GET"]}}],"collection":[{"href":"https:\/\/electroimpulso.com.ar\/catalogo\/wp-json\/wp\/v2\/product"}],"about":[{"href":"https:\/\/electroimpulso.com.ar\/catalogo\/wp-json\/wp\/v2\/types\/product"}],"wp:featuredmedia":[{"embeddable":true,"href":"https:\/\/electroimpulso.com.ar\/catalogo\/wp-json\/wp\/v2\/media\/2253"}],"wp:attachment":[{"href":"https:\/\/electroimpulso.com.ar\/catalogo\/wp-json\/wp\/v2\/media?parent=2678"}],"wp:term":[{"taxonomy":"product_brand","embeddable":true,"href":"https:\/\/electroimpulso.com.ar\/catalogo\/wp-json\/wp\/v2\/product_brand?post=2678"},{"taxonomy":"product_cat","embeddable":true,"href":"https:\/\/electroimpulso.com.ar\/catalogo\/wp-json\/wp\/v2\/product_cat?post=2678"},{"taxonomy":"product_tag","embeddable":true,"href":"https:\/\/electroimpulso.com.ar\/catalogo\/wp-json\/wp\/v2\/product_tag?post=2678"}],"curies":[{"name":"wp","href":"https:\/\/api.w.org\/{rel}","templated":true}]}}