{"id":2649,"date":"2025-10-14T15:08:15","date_gmt":"2025-10-14T18:08:15","guid":{"rendered":"https:\/\/electroimpulso.com.ar\/catalogo\/?post_type=product&#038;p=2649"},"modified":"2025-12-23T11:04:12","modified_gmt":"2025-12-23T14:04:12","slug":"bateria-de-litio-monobloque-24v-100ah-2560wh-lfp24100-marca-leoch","status":"publish","type":"product","link":"https:\/\/electroimpulso.com.ar\/catalogo\/producto\/bateria-de-litio-monobloque-24v-100ah-2560wh-lfp24100-marca-leoch\/","title":{"rendered":"Bateria de litio monobloque 24V 100Ah 2560Wh LFP24100 marca Leoch"},"content":{"rendered":"<p>Bater\u00eda Litio LiFePo4 Leoch Monobloque 24V 100Ah con BMS interno,<br \/>\ncomunicaci\u00f3n bluetooth<br \/>\nCorriente Max Descarga 100A<br \/>\nIP65<br \/>\nAprox 20kg<br \/>\nParalelizable hasta 2 unidades<br \/>\nApp v\u00eda Bluetooth para ver par\u00e1metros, ciclos, etc.<\/p>\n<p>Ante cualquier duda consulte, electroimpulso responder\u00e1 en breve.<\/p>\n<style>\n     .button {\n      background-color:blue;\n      border-color:red;\n      color:white;\n      }\n    <\/style>\n<p>\n<a class=\"button\" href=\"https:\/\/1drv.ms\/f\/c\/98fc53495582576b\/EmtXglVJU_wggJjvHQEAAAABigoVIavjCVGXVLEEdsinVg?e=yVIKLO\" target=\"_blank\" rel=\"noopener\">informaci\u00f3n t\u00e9cnica<\/a><br \/>\n<br \/>\n<a class=\"button\" href=\"https:\/\/1drv.ms\/u\/c\/98fc53495582576b\/IQA-XN9JQKzARLCP_tsl5aRxAQdGsv1YOYhuDJTpBHtgZYc?e=vbZzc9\" target=\"_blank\" rel=\"noopener\">APK app bluetooth Android<\/a><br \/>\n<br \/>\n<a class=\"button\" href=\"https:\/\/play.google.com\/store\/apps\/details?id=com.inuker.bluetooth.daliy&#038;pcampaignid=web_share\" target=\"_blank\" rel=\"noopener\">app smart bms playstore<\/a><br \/>\n<br \/>\n<a class=\"button disbled\" href=\"https:\/\/1drv.ms\/v\/c\/98fc53495582576b\/IQDCYU8jqEA0QZVw5R3YabXVAZJcf-0xulSk2NDlatZp2tY?e=ZgVMbf\" target=\"_blank\" rel=\"noopener\">video<\/a><\/p>\n","protected":false},"excerpt":{"rendered":"<p>Bater\u00eda Litio LiFePo4 Leoch Monobloque 24V 100Ah con BMS interno, comunicaci\u00f3n bluetooth Corriente Max Descarga 100A IP65 Aprox 20kg Paralelizable hasta 2 unidades App v\u00eda Bluetooth para ver par\u00e1metros, ciclos, etc. Ante cualquier duda consulte, electroimpulso responder\u00e1 en breve. informaci\u00f3n t\u00e9cnica APK app bluetooth Android app smart bms playstore video<\/p>\n","protected":false},"featured_media":2653,"template":"","meta":[],"product_brand":[],"product_cat":[24],"product_tag":[35,284,292],"class_list":{"0":"post-2649","1":"product","2":"type-product","3":"status-publish","4":"has-post-thumbnail","6":"product_cat-baterias","7":"product_tag-electroimpulso","8":"product_tag-leoch","9":"product_tag-lfp12100","11":"first","12":"instock","13":"shipping-taxable","14":"purchasable","15":"product-type-simple"},"_links":{"self":[{"href":"https:\/\/electroimpulso.com.ar\/catalogo\/wp-json\/wp\/v2\/product\/2649","targetHints":{"allow":["GET"]}}],"collection":[{"href":"https:\/\/electroimpulso.com.ar\/catalogo\/wp-json\/wp\/v2\/product"}],"about":[{"href":"https:\/\/electroimpulso.com.ar\/catalogo\/wp-json\/wp\/v2\/types\/product"}],"wp:featuredmedia":[{"embeddable":true,"href":"https:\/\/electroimpulso.com.ar\/catalogo\/wp-json\/wp\/v2\/media\/2653"}],"wp:attachment":[{"href":"https:\/\/electroimpulso.com.ar\/catalogo\/wp-json\/wp\/v2\/media?parent=2649"}],"wp:term":[{"taxonomy":"product_brand","embeddable":true,"href":"https:\/\/electroimpulso.com.ar\/catalogo\/wp-json\/wp\/v2\/product_brand?post=2649"},{"taxonomy":"product_cat","embeddable":true,"href":"https:\/\/electroimpulso.com.ar\/catalogo\/wp-json\/wp\/v2\/product_cat?post=2649"},{"taxonomy":"product_tag","embeddable":true,"href":"https:\/\/electroimpulso.com.ar\/catalogo\/wp-json\/wp\/v2\/product_tag?post=2649"}],"curies":[{"name":"wp","href":"https:\/\/api.w.org\/{rel}","templated":true}]}}