{"id":2473,"date":"2025-09-15T20:12:52","date_gmt":"2025-09-15T23:12:52","guid":{"rendered":"https:\/\/electroimpulso.com.ar\/catalogo\/?post_type=product&#038;p=2473"},"modified":"2025-09-25T09:11:52","modified_gmt":"2025-09-25T12:11:52","slug":"balanceador-de-baterias-bancos-de-24-36-48v-lifepo","status":"publish","type":"product","link":"https:\/\/electroimpulso.com.ar\/catalogo\/producto\/balanceador-de-baterias-bancos-de-24-36-48v-lifepo\/","title":{"rendered":"Balanceador de bater\u00edas bancos de 24-36-48V LIFEPO"},"content":{"rendered":"<p>Mantiene el estado de la carga de dos bater\u00edas de 12 V conectadas en serie<br \/>\nRetirar\u00e1 una corriente de m\u00e1ximo 1 A de la bater\u00eda (o bater\u00edas conectadas en paralelo) que tenga la tensi\u00f3n m\u00e1s alta.<br \/>\nSe pueden poner varios equilibradores en paralelo para una acci\u00f3n m\u00e1s potente.<\/p>\n","protected":false},"excerpt":{"rendered":"<p>Mantiene el estado de la carga de dos bater\u00edas de 12 V conectadas en serie Retirar\u00e1 una corriente de m\u00e1ximo 1 A de la bater\u00eda (o bater\u00edas conectadas en paralelo) que tenga la tensi\u00f3n m\u00e1s alta. Se pueden poner varios equilibradores en paralelo para una acci\u00f3n m\u00e1s potente.<\/p>\n","protected":false},"featured_media":2479,"template":"","meta":[],"product_brand":[],"product_cat":[24,15],"product_tag":[216,301,103,300,35,123],"class_list":{"0":"post-2473","1":"product","2":"type-product","3":"status-publish","4":"has-post-thumbnail","6":"product_cat-baterias","7":"product_cat-herramientas","8":"product_tag-24v","9":"product_tag-36v","10":"product_tag-48v","11":"product_tag-balanceador","12":"product_tag-electroimpulso","13":"product_tag-litio","15":"first","16":"instock","17":"shipping-taxable","18":"purchasable","19":"product-type-simple"},"_links":{"self":[{"href":"https:\/\/electroimpulso.com.ar\/catalogo\/wp-json\/wp\/v2\/product\/2473","targetHints":{"allow":["GET"]}}],"collection":[{"href":"https:\/\/electroimpulso.com.ar\/catalogo\/wp-json\/wp\/v2\/product"}],"about":[{"href":"https:\/\/electroimpulso.com.ar\/catalogo\/wp-json\/wp\/v2\/types\/product"}],"wp:featuredmedia":[{"embeddable":true,"href":"https:\/\/electroimpulso.com.ar\/catalogo\/wp-json\/wp\/v2\/media\/2479"}],"wp:attachment":[{"href":"https:\/\/electroimpulso.com.ar\/catalogo\/wp-json\/wp\/v2\/media?parent=2473"}],"wp:term":[{"taxonomy":"product_brand","embeddable":true,"href":"https:\/\/electroimpulso.com.ar\/catalogo\/wp-json\/wp\/v2\/product_brand?post=2473"},{"taxonomy":"product_cat","embeddable":true,"href":"https:\/\/electroimpulso.com.ar\/catalogo\/wp-json\/wp\/v2\/product_cat?post=2473"},{"taxonomy":"product_tag","embeddable":true,"href":"https:\/\/electroimpulso.com.ar\/catalogo\/wp-json\/wp\/v2\/product_tag?post=2473"}],"curies":[{"name":"wp","href":"https:\/\/api.w.org\/{rel}","templated":true}]}}