{"id":2335,"date":"2025-07-25T20:31:48","date_gmt":"2025-07-25T23:31:48","guid":{"rendered":"https:\/\/electroimpulso.com.ar\/catalogo\/?post_type=product&#038;p=2335"},"modified":"2025-09-24T14:56:22","modified_gmt":"2025-09-24T17:56:22","slug":"bomba-solar-sumergible-centrifuga-handuro-hd-4-ssc-6-5-101-110-1100","status":"publish","type":"product","link":"https:\/\/electroimpulso.com.ar\/catalogo\/producto\/bomba-solar-sumergible-centrifuga-handuro-hd-4-ssc-6-5-101-110-1100\/","title":{"rendered":"Bomba Solar Sumergible centrifuga Handuro Hd-4 ssc 6.5 &#8211; 101 &#8211; 110 &#8211; 1100"},"content":{"rendered":"<p>Bomba solar de 4&#8243; centr\u00edfuga, el m\u00e1ximo de elevaci\u00f3n es 101 mts y el caudal m\u00e1ximo 5m3 por hora<\/p>\n<p>Se equipa con m\u00ednimo 6 paneles no incluidos de 345W o m\u00e1s ingresando con un m\u00e1ximo de 150V al control mppt.<\/p>\n<p>posee detecci\u00f3n autom\u00e1tica de falta de agua en el pozo y un flotante para colocar en el tanque y detectar tanque lleno.<\/p>\n<p>Cualquier duda consulte, Electroimpulso responder\u00e1 en breve.<\/p>\n<style>\n     .button {\n      background-color:blue;\n      border-color:red;\n      color:white;\n      }\n    <\/style>\n<p>\n<a class=\"button\" href=\"https:\/\/electroimpulso.com.ar\/BOMBEO\/RESUMEN%20BOMBAS%20SOLARES.JPG\" target=\"_blank\" rel=\"noopener\">Cuadro Selecci\u00f3n de bombas<\/a><\/p>\n<p>\n<a class=\"button\" href=\"https:\/\/youtube.com\/shorts\/0VDyvD-qx_I?feature=share\" target=\"_blank\" rel=\"noopener\">Video corto<\/a><br \/>\n<br \/>\n<a class=\"button\" href=\"https:\/\/www.youtube.com\/watch?v=hk8OAeLRI64\" target=\"_blank\" rel=\"noopener\">Video 2<\/a><br \/>\n<br \/>\n<a class=\"button disabled\" href=\"\" target=\"_blank\" rel=\"noopener\">Informaci\u00f3n t\u00e9cnica<\/a><br \/>\n<br \/>\n<a class=\"button\" href=\"https:\/\/1drv.ms\/b\/s!AmtXglVJU_yYg7oc6vAiGgH51w262A?e=1jVyYH\" target=\"_blank\" rel=\"noopener\">Diagrama de instalaci\u00f3n<\/a><\/p>\n","protected":false},"excerpt":{"rendered":"<p>Bomba solar de 4&#8243; centr\u00edfuga, el m\u00e1ximo de elevaci\u00f3n es 101 mts y el caudal m\u00e1ximo 5m3 por hora Se equipa con m\u00ednimo 6 paneles no incluidos de 345W o m\u00e1s ingresando con un m\u00e1ximo de 150V al control mppt. posee detecci\u00f3n autom\u00e1tica de falta de agua en el pozo y un flotante para colocar [&hellip;]<\/p>\n","protected":false},"featured_media":1029,"template":"","meta":[],"product_brand":[],"product_cat":[44],"product_tag":[58,35,114,31],"class_list":{"0":"post-2335","1":"product","2":"type-product","3":"status-publish","4":"has-post-thumbnail","6":"product_cat-bomba-sumergible","7":"product_tag-bomba","8":"product_tag-electroimpulso","9":"product_tag-handuro","10":"product_tag-solar","12":"first","13":"instock","14":"shipping-taxable","15":"purchasable","16":"product-type-simple"},"_links":{"self":[{"href":"https:\/\/electroimpulso.com.ar\/catalogo\/wp-json\/wp\/v2\/product\/2335","targetHints":{"allow":["GET"]}}],"collection":[{"href":"https:\/\/electroimpulso.com.ar\/catalogo\/wp-json\/wp\/v2\/product"}],"about":[{"href":"https:\/\/electroimpulso.com.ar\/catalogo\/wp-json\/wp\/v2\/types\/product"}],"wp:featuredmedia":[{"embeddable":true,"href":"https:\/\/electroimpulso.com.ar\/catalogo\/wp-json\/wp\/v2\/media\/1029"}],"wp:attachment":[{"href":"https:\/\/electroimpulso.com.ar\/catalogo\/wp-json\/wp\/v2\/media?parent=2335"}],"wp:term":[{"taxonomy":"product_brand","embeddable":true,"href":"https:\/\/electroimpulso.com.ar\/catalogo\/wp-json\/wp\/v2\/product_brand?post=2335"},{"taxonomy":"product_cat","embeddable":true,"href":"https:\/\/electroimpulso.com.ar\/catalogo\/wp-json\/wp\/v2\/product_cat?post=2335"},{"taxonomy":"product_tag","embeddable":true,"href":"https:\/\/electroimpulso.com.ar\/catalogo\/wp-json\/wp\/v2\/product_tag?post=2335"}],"curies":[{"name":"wp","href":"https:\/\/api.w.org\/{rel}","templated":true}]}}