{"id":2261,"date":"2025-06-05T12:21:14","date_gmt":"2025-06-05T15:21:14","guid":{"rendered":"https:\/\/electroimpulso.com.ar\/catalogo\/?post_type=product&#038;p=2261"},"modified":"2025-09-24T14:58:43","modified_gmt":"2025-09-24T17:58:43","slug":"estructura-para-6-paneles-solares-144-celdas-piso-elevada-aluminio","status":"publish","type":"product","link":"https:\/\/electroimpulso.com.ar\/catalogo\/producto\/estructura-para-6-paneles-solares-144-celdas-piso-elevada-aluminio\/","title":{"rendered":"Estructura para 6 Paneles solares 144 celdas piso, elevada, aluminio"},"content":{"rendered":"<p>Soporte hecho en aluminio, nacional.<\/p>\n<p>Estas estructuras est\u00e1n dise\u00f1adas ser utilizadas sobre suelo, principalmente en aplicaciones<br \/>\nagropecuarias, de f\u00e1cil instalaci\u00f3n y con un despeje que protege el conjunto del paso de<br \/>\nanimales<\/p>\n","protected":false},"excerpt":{"rendered":"<p>Soporte hecho en aluminio, nacional. Estas estructuras est\u00e1n dise\u00f1adas ser utilizadas sobre suelo, principalmente en aplicaciones agropecuarias, de f\u00e1cil instalaci\u00f3n y con un despeje que protege el conjunto del paso de animales<\/p>\n","protected":false},"featured_media":2262,"template":"","meta":[],"product_brand":[],"product_cat":[64],"product_tag":[],"class_list":{"0":"post-2261","1":"product","2":"type-product","3":"status-publish","4":"has-post-thumbnail","6":"product_cat-soportes-para-paneles-solares","8":"first","9":"instock","10":"shipping-taxable","11":"purchasable","12":"product-type-simple"},"_links":{"self":[{"href":"https:\/\/electroimpulso.com.ar\/catalogo\/wp-json\/wp\/v2\/product\/2261","targetHints":{"allow":["GET"]}}],"collection":[{"href":"https:\/\/electroimpulso.com.ar\/catalogo\/wp-json\/wp\/v2\/product"}],"about":[{"href":"https:\/\/electroimpulso.com.ar\/catalogo\/wp-json\/wp\/v2\/types\/product"}],"wp:featuredmedia":[{"embeddable":true,"href":"https:\/\/electroimpulso.com.ar\/catalogo\/wp-json\/wp\/v2\/media\/2262"}],"wp:attachment":[{"href":"https:\/\/electroimpulso.com.ar\/catalogo\/wp-json\/wp\/v2\/media?parent=2261"}],"wp:term":[{"taxonomy":"product_brand","embeddable":true,"href":"https:\/\/electroimpulso.com.ar\/catalogo\/wp-json\/wp\/v2\/product_brand?post=2261"},{"taxonomy":"product_cat","embeddable":true,"href":"https:\/\/electroimpulso.com.ar\/catalogo\/wp-json\/wp\/v2\/product_cat?post=2261"},{"taxonomy":"product_tag","embeddable":true,"href":"https:\/\/electroimpulso.com.ar\/catalogo\/wp-json\/wp\/v2\/product_tag?post=2261"}],"curies":[{"name":"wp","href":"https:\/\/api.w.org\/{rel}","templated":true}]}}