{"id":2040,"date":"2024-11-01T13:16:42","date_gmt":"2024-11-01T16:16:42","guid":{"rendered":"https:\/\/electroimpulso.com.ar\/catalogo\/?post_type=product&#038;p=2040"},"modified":"2026-03-20T10:42:56","modified_gmt":"2026-03-20T13:42:56","slug":"reflector-solar-100w-con-camara-wifi-tuya-smart-app","status":"publish","type":"product","link":"https:\/\/electroimpulso.com.ar\/catalogo\/producto\/reflector-solar-100w-con-camara-wifi-tuya-smart-app\/","title":{"rendered":"Reflector Solar 100w Con Camara Wifi TUYA smart app"},"content":{"rendered":"<p>IMPORTANTE: Registrar en TUYA con la cuenta del usuario final solamente, ya que al ser un sistema de seguridad en caso de desvincular tienes<br \/>\nque solicitarlo a trav\u00e9s de la app para poder cambiar de cuenta o usuario el equipo y toma tiempo.<\/p>\n<p>Reflector solar aut\u00f3nomo, en el modo autom\u00e1tico enciende y apaga seg\u00fan la iluminaci\u00f3n ambiente.<\/p>\n<p>Posee una c\u00e1mara que le permite funcionar como un dvr, se enciende desde el control remoto.<\/p>\n<p>Para el control por internet tienes que usar la app tuya smart, en el manual hay un qr<br \/>\npara bajarla, si no tienes una cuenta te registras con un email y con la app escaneas otro qr en el manual para agregar la c\u00e1mara a la TUYA app as\u00ed la puedes ver, tomar fotos y usar el modo DVR (grabadora digital de video) para rebobinar y ver eventos.<\/p>\n<p>Ante cualquier duda consulte, electroimpulso responder\u00e1 en breve.<\/p>\n","protected":false},"excerpt":{"rendered":"<style>\n     .button {\n      background-color:blue;\n      border-color:red;\n      color:white;\n      }\n    <\/style>\n<p><a class=\"button disabled\" href=\"https:\/\/1drv.ms\/b\/s!AmtXglVJU_yYgrxUg4SIh7h2M3eaqw?e=hGWkqR\" target=\"_blank\" rel=\"noopener\">informaci\u00f3n t\u00e9cnica<\/a><br \/>\n<br \/>\n<a class=\"button\" href=\"https:\/\/youtu.be\/32mELCii_70\" target=\"_blank\" rel=\"noopener\">video tutorial<\/a><br \/>\n<br \/>\n<a class=\"button\" href=\"https:\/\/youtube.com\/shorts\/KJXZLCSzh-I?feature=share\" target=\"_blank\" rel=\"noopener\">video conexion y prueba<\/a><\/p>\n","protected":false},"featured_media":2041,"template":"","meta":[],"product_brand":[],"product_cat":[78,36],"product_tag":[319,65,31,318,320],"class_list":{"0":"post-2040","1":"product","2":"type-product","3":"status-publish","4":"has-post-thumbnail","6":"product_cat-domotica-y-automatizacion","7":"product_cat-iluminacion","8":"product_tag-camara","9":"product_tag-reflector","10":"product_tag-solar","11":"product_tag-tuya","12":"product_tag-wiffi","14":"first","15":"instock","16":"shipping-taxable","17":"purchasable","18":"product-type-simple"},"_links":{"self":[{"href":"https:\/\/electroimpulso.com.ar\/catalogo\/wp-json\/wp\/v2\/product\/2040","targetHints":{"allow":["GET"]}}],"collection":[{"href":"https:\/\/electroimpulso.com.ar\/catalogo\/wp-json\/wp\/v2\/product"}],"about":[{"href":"https:\/\/electroimpulso.com.ar\/catalogo\/wp-json\/wp\/v2\/types\/product"}],"wp:featuredmedia":[{"embeddable":true,"href":"https:\/\/electroimpulso.com.ar\/catalogo\/wp-json\/wp\/v2\/media\/2041"}],"wp:attachment":[{"href":"https:\/\/electroimpulso.com.ar\/catalogo\/wp-json\/wp\/v2\/media?parent=2040"}],"wp:term":[{"taxonomy":"product_brand","embeddable":true,"href":"https:\/\/electroimpulso.com.ar\/catalogo\/wp-json\/wp\/v2\/product_brand?post=2040"},{"taxonomy":"product_cat","embeddable":true,"href":"https:\/\/electroimpulso.com.ar\/catalogo\/wp-json\/wp\/v2\/product_cat?post=2040"},{"taxonomy":"product_tag","embeddable":true,"href":"https:\/\/electroimpulso.com.ar\/catalogo\/wp-json\/wp\/v2\/product_tag?post=2040"}],"curies":[{"name":"wp","href":"https:\/\/api.w.org\/{rel}","templated":true}]}}