{"id":1991,"date":"2024-06-20T18:59:02","date_gmt":"2024-06-20T21:59:02","guid":{"rendered":"https:\/\/electroimpulso.com.ar\/catalogo\/?post_type=product&#038;p=1991"},"modified":"2026-02-20T12:16:15","modified_gmt":"2026-02-20T15:16:15","slug":"medidor-de-energia-eastron-sdm630-modbus-tpm-100a","status":"publish","type":"product","link":"https:\/\/electroimpulso.com.ar\/catalogo\/producto\/medidor-de-energia-eastron-sdm630-modbus-tpm-100a\/","title":{"rendered":"Medidor de energ\u00eda Eastron SDM630 modbus (TPM) 100A"},"content":{"rendered":"<p>Medidor de energ\u00eda para red monof\u00e1sica o trif\u00e1sica. Mide hasta 100A por fase sin necesidad de transformadores de corriente<\/p>\n<p>Par\u00e1metros que muestra:<\/p>\n<p>Phase to Neutral Voltage (V)<br \/>\nPhase to Phase Voltage (V)<br \/>\nPhase Current (A)<br \/>\nVoltage Total Harmonic Distortion (U%THD)<br \/>\nCurrent Total Harmonic Distortion (I%THD)<br \/>\nFrequency (Hz)<br \/>\nPower Factor (PF)<br \/>\nCurrent Max Demand (MD A)<br \/>\nPower Max Demand (MD kW)<br \/>\nActive Power (kW)<br \/>\nReactive Power (kVAr)<br \/>\nApparent Power (kVA)<br \/>\nImport Active Energy (kWh)<br \/>\nExport Active Energy (kWh)<br \/>\nTotal Active Energy (kWh)<br \/>\nImport Reactive Energy (kVArh)<br \/>\nExport Reactive Energy (kVArh)<br \/>\nTotal Reactive Energy (kVArh)<\/p>\n<style>\n     .button {\n      background-color:blue;\n      border-color:red;\n      color:white;\n      }\n    <\/style>\n<p>\n<a class=\"button\" href=\"https:\/\/1drv.ms\/f\/s!AmtXglVJU_yYgepI-qq-P1OgyK0wYw?e=PsA0Ow\" target=\"_blank\" rel=\"noopener\">informaci\u00f3n t\u00e9cnica<\/a><br \/>\n<br \/>\n<a class=\"button\" href=\"\" target=\"_blank\" rel=\"noopener\">video<\/a><\/p>\n","protected":false},"excerpt":{"rendered":"<p>Medidor de energ\u00eda para red monof\u00e1sica o trif\u00e1sica. Mide hasta 100A por fase sin necesidad de transformadores de corriente Par\u00e1metros que muestra: Phase to Neutral Voltage (V) Phase to Phase Voltage (V) Phase Current (A) Voltage Total Harmonic Distortion (U%THD) Current Total Harmonic Distortion (I%THD) Frequency (Hz) Power Factor (PF) Current Max Demand (MD A) [&hellip;]<\/p>\n","protected":false},"featured_media":1992,"template":"","meta":[],"product_brand":[],"product_cat":[66,20],"product_tag":[243,35,246,247,244,245],"class_list":{"0":"post-1991","1":"product","2":"type-product","3":"status-publish","4":"has-post-thumbnail","6":"product_cat-accesorios","7":"product_cat-inversores-on-grid-inyeccion-a-red","8":"product_tag-eastron","9":"product_tag-electroimpulso","10":"product_tag-modbus","11":"product_tag-rs485","12":"product_tag-sdm630","13":"product_tag-tpm","15":"first","16":"instock","17":"shipping-taxable","18":"purchasable","19":"product-type-simple"},"_links":{"self":[{"href":"https:\/\/electroimpulso.com.ar\/catalogo\/wp-json\/wp\/v2\/product\/1991","targetHints":{"allow":["GET"]}}],"collection":[{"href":"https:\/\/electroimpulso.com.ar\/catalogo\/wp-json\/wp\/v2\/product"}],"about":[{"href":"https:\/\/electroimpulso.com.ar\/catalogo\/wp-json\/wp\/v2\/types\/product"}],"wp:featuredmedia":[{"embeddable":true,"href":"https:\/\/electroimpulso.com.ar\/catalogo\/wp-json\/wp\/v2\/media\/1992"}],"wp:attachment":[{"href":"https:\/\/electroimpulso.com.ar\/catalogo\/wp-json\/wp\/v2\/media?parent=1991"}],"wp:term":[{"taxonomy":"product_brand","embeddable":true,"href":"https:\/\/electroimpulso.com.ar\/catalogo\/wp-json\/wp\/v2\/product_brand?post=1991"},{"taxonomy":"product_cat","embeddable":true,"href":"https:\/\/electroimpulso.com.ar\/catalogo\/wp-json\/wp\/v2\/product_cat?post=1991"},{"taxonomy":"product_tag","embeddable":true,"href":"https:\/\/electroimpulso.com.ar\/catalogo\/wp-json\/wp\/v2\/product_tag?post=1991"}],"curies":[{"name":"wp","href":"https:\/\/api.w.org\/{rel}","templated":true}]}}