{"id":1969,"date":"2024-05-19T11:57:59","date_gmt":"2024-05-19T14:57:59","guid":{"rendered":"https:\/\/electroimpulso.com.ar\/catalogo\/?post_type=product&#038;p=1969"},"modified":"2025-09-22T10:09:20","modified_gmt":"2025-09-22T13:09:20","slug":"bomba-de-agua-12v-automatica-125l-min-nautica-motorhome","status":"publish","type":"product","link":"https:\/\/electroimpulso.com.ar\/catalogo\/producto\/bomba-de-agua-12v-automatica-125l-min-nautica-motorhome\/","title":{"rendered":"Bomba De Agua 12v Autom\u00e1tica 12,5l\/min Nautica Motorhome"},"content":{"rendered":"<p>Bomba de agua autom\u00e1tica de presi\u00f3n para uso marino en embarcaciones, casas rodantes, industria o agricultura, 12V.<\/p>\n<p>\u2022 Son compactas, autocebantes y dise\u00f1adas para una amplia gama de aplicaciones incluyendo transferencia de l\u00edquidos, pulverizaci\u00f3n, circulaci\u00f3n, filtraci\u00f3n y dispensaci\u00f3n.<br \/>\n\u2022 Est\u00e1 compuesta por un motor de 12 volts de bajo consumo protegido t\u00e9rmicamente, y un sensor de presi\u00f3n de 35 PSI.<br \/>\n\u2022 Proporciona hasta 12,5 litros por minuto.<br \/>\n\u2022 Salida de agua de 3\/8 (10mm).<br \/>\n\u2022 Posee un interruptor de presi\u00f3n incorporado, que comienza autom\u00e1ticamente y detiene la bomba cuando se abre y cierra el paso de agua.<br \/>\n\u2022 Temperatura m\u00e1xima de agua: 43\u00ba Cent\u00edgrados<br \/>\n\u2022 ISO 8846<br \/>\nNo usar en ambientes inflamables. l\u00edquidos inflamables o explosivos.<\/p>\n<style>\n     .button {\n      background-color:blue;\n      border-color:red;\n      color:white;\n      }\n    <\/style>\n<p><a class=\"button\" href=\"https:\/\/electroimpulso.mercadoshops.com.ar\/MLA-1427024567-bomba-de-agua-12v-automatica-125lmin-nautica-motorhome-_JM#position=9&#038;search_layout=stack&#038;type=item&#038;tracking_id=fdaee642-e31a-4570-a6c1-c260768e56e8\" target=\"_blank\" rel=\"noopener\">Ver precio y stock en full<\/a><br \/>\n<br \/>\n<a class=\"button\" href=\"https:\/\/electroimpulso.mercadoshops.com.ar\/MLA-1442204501-bomba-de-agua-12v-automatica-125lmin-nautica-motorhome-_JM\" target=\"_blank\" rel=\"noopener\">Precio en showroom<\/a><br \/>\n<br \/>\n<a class=\"button\" href=\"https:\/\/1drv.ms\/b\/s!AmtXglVJU_yYg5topyU8jO8VIiYnwA?e=bRRuj3\" target=\"_blank\" rel=\"noopener\">informaci\u00f3n t\u00e9cnica<\/a><br \/>\n<br \/>\n<a class=\"button\" href=\"https:\/\/youtube.com\/shorts\/0qB-v2L-XCQ?feature=share\" target=\"_blank\" rel=\"noopener\">video<\/a><\/p>\n","protected":false},"excerpt":{"rendered":"<p>Bomba de agua autom\u00e1tica de presi\u00f3n para uso marino en embarcaciones, casas rodantes, industria o agricultura, 12V. \u2022 Son compactas, autocebantes y dise\u00f1adas para una amplia gama de aplicaciones incluyendo transferencia de l\u00edquidos, pulverizaci\u00f3n, circulaci\u00f3n, filtraci\u00f3n y dispensaci\u00f3n. \u2022 Est\u00e1 compuesta por un motor de 12 volts de bajo consumo protegido t\u00e9rmicamente, y un sensor [&hellip;]<\/p>\n","protected":false},"featured_media":1970,"template":"","meta":[],"product_brand":[],"product_cat":[44],"product_tag":[],"class_list":{"0":"post-1969","1":"product","2":"type-product","3":"status-publish","4":"has-post-thumbnail","6":"product_cat-bomba-sumergible","8":"first","9":"instock","10":"shipping-taxable","11":"purchasable","12":"product-type-simple"},"_links":{"self":[{"href":"https:\/\/electroimpulso.com.ar\/catalogo\/wp-json\/wp\/v2\/product\/1969","targetHints":{"allow":["GET"]}}],"collection":[{"href":"https:\/\/electroimpulso.com.ar\/catalogo\/wp-json\/wp\/v2\/product"}],"about":[{"href":"https:\/\/electroimpulso.com.ar\/catalogo\/wp-json\/wp\/v2\/types\/product"}],"wp:featuredmedia":[{"embeddable":true,"href":"https:\/\/electroimpulso.com.ar\/catalogo\/wp-json\/wp\/v2\/media\/1970"}],"wp:attachment":[{"href":"https:\/\/electroimpulso.com.ar\/catalogo\/wp-json\/wp\/v2\/media?parent=1969"}],"wp:term":[{"taxonomy":"product_brand","embeddable":true,"href":"https:\/\/electroimpulso.com.ar\/catalogo\/wp-json\/wp\/v2\/product_brand?post=1969"},{"taxonomy":"product_cat","embeddable":true,"href":"https:\/\/electroimpulso.com.ar\/catalogo\/wp-json\/wp\/v2\/product_cat?post=1969"},{"taxonomy":"product_tag","embeddable":true,"href":"https:\/\/electroimpulso.com.ar\/catalogo\/wp-json\/wp\/v2\/product_tag?post=1969"}],"curies":[{"name":"wp","href":"https:\/\/api.w.org\/{rel}","templated":true}]}}