{"id":1934,"date":"2024-03-23T17:45:45","date_gmt":"2024-03-23T20:45:45","guid":{"rendered":"https:\/\/electroimpulso.com.ar\/catalogo\/?post_type=product&#038;p=1934"},"modified":"2025-09-22T10:09:21","modified_gmt":"2025-09-22T13:09:21","slug":"protector-de-tension-rele-monofasico-baw-40a-din-ru230f40","status":"publish","type":"product","link":"https:\/\/electroimpulso.com.ar\/catalogo\/producto\/protector-de-tension-rele-monofasico-baw-40a-din-ru230f40\/","title":{"rendered":"Protector De Tensi\u00f3n Rel\u00e9 Monof\u00e1sico Baw 40a Din Ru230f40"},"content":{"rendered":"<p>Equipo para proteger artefactos sensibles contra altos o bajos de tensi\u00f3n de red.<br \/>\npc, tv, heladera, portones el\u00e9ctricos<\/p>\n<p>Intensidad Nominal: 40A<br \/>\nRango de tensi\u00f3n normal: 175 &#8211; 245v 50Hz<br \/>\nTemporizaci\u00f3n para conectar o reconectar: 30s<br \/>\nTensi\u00f3n de aislaci\u00f3n: 400v<br \/>\nSoporta 380v de forma permanente<br \/>\nTemperatura funcionamiento: -10 a 45\u00ba \/ 80% HR<\/p>\n<p>Se\u00f1alizaci\u00f3n<br \/>\nFuncionamiento normal: LED verde fijo<br \/>\nCiclo de temporaizaci\u00f3n: LED verde intermitente (30s)<br \/>\nDesconexi\u00f3n por >U: 240v<br \/>\nDesconexi\u00f3n por sobre tensi\u00f3n (>U): LED rojo > 244v<\/p>\n","protected":false},"excerpt":{"rendered":"<style>\n     .button {\n      background-color:blue;\n      border-color:red;\n      color:white;\n      }\n    <\/style>\n<p><a class=\"button\" href=\"https:\/\/electroimpulso.mercadoshops.com.ar\/MLA-1417272125-protector-de-tension-rele-monofasico-baw-40a-din-ru230f40-_JM\" target=\"_blank\" rel=\"noopener\">Ver precio<\/a><\/p>\n","protected":false},"featured_media":1935,"template":"","meta":[],"product_brand":[],"product_cat":[90],"product_tag":[171,35,169,232],"class_list":{"0":"post-1934","1":"product","2":"type-product","3":"status-publish","4":"has-post-thumbnail","6":"product_cat-protecciones-ca","7":"product_tag-baw","8":"product_tag-electroimpulso","9":"product_tag-protector","10":"product_tag-ru230f40","12":"first","13":"instock","14":"shipping-taxable","15":"product-type-simple"},"_links":{"self":[{"href":"https:\/\/electroimpulso.com.ar\/catalogo\/wp-json\/wp\/v2\/product\/1934","targetHints":{"allow":["GET"]}}],"collection":[{"href":"https:\/\/electroimpulso.com.ar\/catalogo\/wp-json\/wp\/v2\/product"}],"about":[{"href":"https:\/\/electroimpulso.com.ar\/catalogo\/wp-json\/wp\/v2\/types\/product"}],"wp:featuredmedia":[{"embeddable":true,"href":"https:\/\/electroimpulso.com.ar\/catalogo\/wp-json\/wp\/v2\/media\/1935"}],"wp:attachment":[{"href":"https:\/\/electroimpulso.com.ar\/catalogo\/wp-json\/wp\/v2\/media?parent=1934"}],"wp:term":[{"taxonomy":"product_brand","embeddable":true,"href":"https:\/\/electroimpulso.com.ar\/catalogo\/wp-json\/wp\/v2\/product_brand?post=1934"},{"taxonomy":"product_cat","embeddable":true,"href":"https:\/\/electroimpulso.com.ar\/catalogo\/wp-json\/wp\/v2\/product_cat?post=1934"},{"taxonomy":"product_tag","embeddable":true,"href":"https:\/\/electroimpulso.com.ar\/catalogo\/wp-json\/wp\/v2\/product_tag?post=1934"}],"curies":[{"name":"wp","href":"https:\/\/api.w.org\/{rel}","templated":true}]}}