{"id":1898,"date":"2024-01-02T12:46:31","date_gmt":"2024-01-02T15:46:31","guid":{"rendered":"https:\/\/electroimpulso.com.ar\/catalogo\/?post_type=product&#038;p=1898"},"modified":"2026-02-23T15:55:57","modified_gmt":"2026-02-23T18:55:57","slug":"1898","status":"publish","type":"product","link":"https:\/\/electroimpulso.com.ar\/catalogo\/producto\/1898\/","title":{"rendered":"Interruptor Termomagn\u00e9tico N42B10"},"content":{"rendered":"<p>T\u00e9rmica curva B. Disparo m\u00e1s r\u00e1pido que la curva C.<\/p>\n","protected":false},"excerpt":{"rendered":"<style>\n     .button {\n      background-color:blue;\n      border-color:red;\n      color:white;\n      }\n    <\/style>\n<p><a class=\"button\" href=\"https:\/\/electroimpulso.mercadoshops.com.ar\/MLA-1616928638-termica-bipolar-10a-415vca-curva-b-baw-n42b10-_JM\" target=\"_blank\" rel=\"noopener\">Ver precio<\/a><\/p>\n","protected":false},"featured_media":1899,"template":"","meta":[],"product_brand":[],"product_cat":[90],"product_tag":[211,35,210,107],"class_list":{"0":"post-1898","1":"product","2":"type-product","3":"status-publish","4":"has-post-thumbnail","6":"product_cat-protecciones-ca","7":"product_tag-curva-b","8":"product_tag-electroimpulso","9":"product_tag-n4210","10":"product_tag-termica","12":"first","13":"instock","14":"shipping-taxable","15":"purchasable","16":"product-type-simple"},"_links":{"self":[{"href":"https:\/\/electroimpulso.com.ar\/catalogo\/wp-json\/wp\/v2\/product\/1898","targetHints":{"allow":["GET"]}}],"collection":[{"href":"https:\/\/electroimpulso.com.ar\/catalogo\/wp-json\/wp\/v2\/product"}],"about":[{"href":"https:\/\/electroimpulso.com.ar\/catalogo\/wp-json\/wp\/v2\/types\/product"}],"wp:featuredmedia":[{"embeddable":true,"href":"https:\/\/electroimpulso.com.ar\/catalogo\/wp-json\/wp\/v2\/media\/1899"}],"wp:attachment":[{"href":"https:\/\/electroimpulso.com.ar\/catalogo\/wp-json\/wp\/v2\/media?parent=1898"}],"wp:term":[{"taxonomy":"product_brand","embeddable":true,"href":"https:\/\/electroimpulso.com.ar\/catalogo\/wp-json\/wp\/v2\/product_brand?post=1898"},{"taxonomy":"product_cat","embeddable":true,"href":"https:\/\/electroimpulso.com.ar\/catalogo\/wp-json\/wp\/v2\/product_cat?post=1898"},{"taxonomy":"product_tag","embeddable":true,"href":"https:\/\/electroimpulso.com.ar\/catalogo\/wp-json\/wp\/v2\/product_tag?post=1898"}],"curies":[{"name":"wp","href":"https:\/\/api.w.org\/{rel}","templated":true}]}}