{"id":1872,"date":"2023-11-11T11:12:57","date_gmt":"2023-11-11T14:12:57","guid":{"rendered":"https:\/\/electroimpulso.com.ar\/catalogo\/?post_type=product&#038;p=1872"},"modified":"2025-09-22T10:09:23","modified_gmt":"2025-09-22T13:09:23","slug":"conector-mc4-con-fusible-15a-1000vdc-incorporado-2","status":"publish","type":"product","link":"https:\/\/electroimpulso.com.ar\/catalogo\/producto\/conector-mc4-con-fusible-15a-1000vdc-incorporado-2\/","title":{"rendered":"Conector Mc4 Con Fusible 15a 1000vdc Incorporado"},"content":{"rendered":"<p>Modelo\tON-FUSMC4<br \/>\nFusible incluido\tS\u00ed<br \/>\nCapacidad del fusible\t15A<br \/>\nTama\u00f1o del fusible\t10 x 38 mm<br \/>\nVoltaje m\u00e1ximo\t1000VCC<\/p>\n","protected":false},"excerpt":{"rendered":"<p>Modelo ON-FUSMC4 Fusible incluido S\u00ed Capacidad del fusible 15A Tama\u00f1o del fusible 10 x 38 mm Voltaje m\u00e1ximo 1000VCC<\/p>\n","protected":false},"featured_media":1873,"template":"","meta":[],"product_brand":[],"product_cat":[66,21],"product_tag":[35,195,196,192,194,193],"class_list":{"0":"post-1872","1":"product","2":"type-product","3":"status-publish","4":"has-post-thumbnail","6":"product_cat-accesorios","7":"product_cat-protecciones","8":"product_tag-electroimpulso","9":"product_tag-fusible","10":"product_tag-gpv","11":"product_tag-mc4","12":"product_tag-mc4-fus","13":"product_tag-on-fus-mc4","15":"first","16":"instock","17":"shipping-taxable","18":"purchasable","19":"product-type-simple"},"_links":{"self":[{"href":"https:\/\/electroimpulso.com.ar\/catalogo\/wp-json\/wp\/v2\/product\/1872","targetHints":{"allow":["GET"]}}],"collection":[{"href":"https:\/\/electroimpulso.com.ar\/catalogo\/wp-json\/wp\/v2\/product"}],"about":[{"href":"https:\/\/electroimpulso.com.ar\/catalogo\/wp-json\/wp\/v2\/types\/product"}],"wp:featuredmedia":[{"embeddable":true,"href":"https:\/\/electroimpulso.com.ar\/catalogo\/wp-json\/wp\/v2\/media\/1873"}],"wp:attachment":[{"href":"https:\/\/electroimpulso.com.ar\/catalogo\/wp-json\/wp\/v2\/media?parent=1872"}],"wp:term":[{"taxonomy":"product_brand","embeddable":true,"href":"https:\/\/electroimpulso.com.ar\/catalogo\/wp-json\/wp\/v2\/product_brand?post=1872"},{"taxonomy":"product_cat","embeddable":true,"href":"https:\/\/electroimpulso.com.ar\/catalogo\/wp-json\/wp\/v2\/product_cat?post=1872"},{"taxonomy":"product_tag","embeddable":true,"href":"https:\/\/electroimpulso.com.ar\/catalogo\/wp-json\/wp\/v2\/product_tag?post=1872"}],"curies":[{"name":"wp","href":"https:\/\/api.w.org\/{rel}","templated":true}]}}