{"id":1865,"date":"2023-11-08T13:13:58","date_gmt":"2023-11-08T16:13:58","guid":{"rendered":"https:\/\/electroimpulso.com.ar\/catalogo\/?post_type=product&#038;p=1865"},"modified":"2025-09-24T15:40:12","modified_gmt":"2025-09-24T18:40:12","slug":"termica-para-corriente-continua-20a-500v","status":"publish","type":"product","link":"https:\/\/electroimpulso.com.ar\/catalogo\/producto\/termica-para-corriente-continua-20a-500v\/","title":{"rendered":"T\u00e9rmica corriente continua suntree 20A 500v"},"content":{"rendered":"<p>Especificaciones el\u00e9ctricas<br \/>\nPolos\t2<br \/>\nCorriente nominal\t20A<br \/>\nVoltaje m\u00e1ximo\t500VCC<br \/>\nSecci\u00f3n de cable\t&#8211;<br \/>\nDatos generales<br \/>\nTemperatura de trabajo\t-20\u00baC ~ +70\u00baC<br \/>\nDimensiones (mm)\t35 x 80 x 71<br \/>\nPeso neto (kg)\t0.24<\/p>\n","protected":false},"excerpt":{"rendered":"<p>Especificaciones el\u00e9ctricas Polos 2 Corriente nominal 20A Voltaje m\u00e1ximo 500VCC Secci\u00f3n de cable &#8211; Datos generales Temperatura de trabajo -20\u00baC ~ +70\u00baC Dimensiones (mm) 35 x 80 x 71 Peso neto (kg) 0.24<\/p>\n","protected":false},"featured_media":2141,"template":"","meta":[],"product_brand":[],"product_cat":[66,21],"product_tag":[189,108,35,190,191,107],"class_list":{"0":"post-1865","1":"product","2":"type-product","3":"status-publish","4":"has-post-thumbnail","6":"product_cat-accesorios","7":"product_cat-protecciones","8":"product_tag-cc","9":"product_tag-continua","10":"product_tag-electroimpulso","11":"product_tag-enertik","12":"product_tag-lktb","13":"product_tag-termica","15":"first","16":"instock","17":"shipping-taxable","18":"purchasable","19":"product-type-simple"},"_links":{"self":[{"href":"https:\/\/electroimpulso.com.ar\/catalogo\/wp-json\/wp\/v2\/product\/1865","targetHints":{"allow":["GET"]}}],"collection":[{"href":"https:\/\/electroimpulso.com.ar\/catalogo\/wp-json\/wp\/v2\/product"}],"about":[{"href":"https:\/\/electroimpulso.com.ar\/catalogo\/wp-json\/wp\/v2\/types\/product"}],"wp:featuredmedia":[{"embeddable":true,"href":"https:\/\/electroimpulso.com.ar\/catalogo\/wp-json\/wp\/v2\/media\/2141"}],"wp:attachment":[{"href":"https:\/\/electroimpulso.com.ar\/catalogo\/wp-json\/wp\/v2\/media?parent=1865"}],"wp:term":[{"taxonomy":"product_brand","embeddable":true,"href":"https:\/\/electroimpulso.com.ar\/catalogo\/wp-json\/wp\/v2\/product_brand?post=1865"},{"taxonomy":"product_cat","embeddable":true,"href":"https:\/\/electroimpulso.com.ar\/catalogo\/wp-json\/wp\/v2\/product_cat?post=1865"},{"taxonomy":"product_tag","embeddable":true,"href":"https:\/\/electroimpulso.com.ar\/catalogo\/wp-json\/wp\/v2\/product_tag?post=1865"}],"curies":[{"name":"wp","href":"https:\/\/api.w.org\/{rel}","templated":true}]}}