{"id":1851,"date":"2023-10-26T13:33:30","date_gmt":"2023-10-26T16:33:30","guid":{"rendered":"https:\/\/electroimpulso.com.ar\/catalogo\/?post_type=product&#038;p=1851"},"modified":"2026-02-19T15:39:34","modified_gmt":"2026-02-19T18:39:34","slug":"bomba-solar-centrifuga-300w-48v-40m-35m3-h-we3c0400k303","status":"publish","type":"product","link":"https:\/\/electroimpulso.com.ar\/catalogo\/producto\/bomba-solar-centrifuga-300w-48v-40m-35m3-h-we3c0400k303\/","title":{"rendered":"Bomba Solar Centr\u00edfuga 300w 48v 40m 3,5m3\/h We3c0400k303"},"content":{"rendered":"<p>Marca<br \/>\nWega<br \/>\nModelo<br \/>\nWe3c0400k303<br \/>\nVoltaje\t48<br \/>\nOtros<br \/>\nPotencia: 300 W<br \/>\nTipo de bomba: De pozo<br \/>\nFunciones: saca agua limpia<br \/>\nCapacidad del tanque de combustible: 0 L<br \/>\nCaudal m\u00e1ximo de agua: 3500 l\/h<br \/>\nNivel m\u00ednimo de agua: 1 m<br \/>\nInmersi\u00f3n m\u00e1xima: 10 m<br \/>\nEs apta para agua sucia: No<br \/>\nIncluye cable de alimentaci\u00f3n: No<br \/>\nLargo del cable de alimentaci\u00f3n: 1 m<br \/>\nDescripci\u00f3n<br \/>\nBomba que funciona con un panel solar.<\/p>\n<p>No precisa bater\u00edas<br \/>\n3&#8243; de di\u00e1metro<br \/>\nLa altura m\u00e1xima de bombeo es de 40 metros y el flujo m\u00e1ximo 3500 litros por hora.<br \/>\nCualquier duda cons\u00faltenos.<br \/>\nElectroimpulso.<\/p>\n<style>\n     .button {\n      background-color:blue;\n      border-color:red;\n      color:white;\n      }\n    <\/style>\n<p><a class=\"button\" href=\"https:\/\/electroimpulso.mercadoshops.com.ar\/MLA-2005128194-bomba-solar-300w-48v-40m-35m3h-we3c0400k303-_JM\" target=\"_blank\" rel=\"noopener\">Ver precio con env\u00edo<\/a><br \/>\n<br \/>\n<a class=\"button\" href=\"https:\/\/youtu.be\/a09jBHjCcLc?si=DGomAxhkH48YELyY\" target=\"_blank\" rel=\"noopener\">video de la bomba<\/a><\/p>\n","protected":false},"excerpt":{"rendered":"<p>Marca Wega Modelo We3c0400k303 Voltaje 48 Otros Potencia: 300 W Tipo de bomba: De pozo Funciones: saca agua limpia Capacidad del tanque de combustible: 0 L Caudal m\u00e1ximo de agua: 3500 l\/h Nivel m\u00ednimo de agua: 1 m Inmersi\u00f3n m\u00e1xima: 10 m Es apta para agua sucia: No Incluye cable de alimentaci\u00f3n: No Largo del [&hellip;]<\/p>\n","protected":false},"featured_media":1852,"template":"","meta":[],"product_brand":[],"product_cat":[44],"product_tag":[],"class_list":{"0":"post-1851","1":"product","2":"type-product","3":"status-publish","4":"has-post-thumbnail","6":"product_cat-bomba-sumergible","8":"first","9":"instock","10":"shipping-taxable","11":"purchasable","12":"product-type-simple"},"_links":{"self":[{"href":"https:\/\/electroimpulso.com.ar\/catalogo\/wp-json\/wp\/v2\/product\/1851","targetHints":{"allow":["GET"]}}],"collection":[{"href":"https:\/\/electroimpulso.com.ar\/catalogo\/wp-json\/wp\/v2\/product"}],"about":[{"href":"https:\/\/electroimpulso.com.ar\/catalogo\/wp-json\/wp\/v2\/types\/product"}],"wp:featuredmedia":[{"embeddable":true,"href":"https:\/\/electroimpulso.com.ar\/catalogo\/wp-json\/wp\/v2\/media\/1852"}],"wp:attachment":[{"href":"https:\/\/electroimpulso.com.ar\/catalogo\/wp-json\/wp\/v2\/media?parent=1851"}],"wp:term":[{"taxonomy":"product_brand","embeddable":true,"href":"https:\/\/electroimpulso.com.ar\/catalogo\/wp-json\/wp\/v2\/product_brand?post=1851"},{"taxonomy":"product_cat","embeddable":true,"href":"https:\/\/electroimpulso.com.ar\/catalogo\/wp-json\/wp\/v2\/product_cat?post=1851"},{"taxonomy":"product_tag","embeddable":true,"href":"https:\/\/electroimpulso.com.ar\/catalogo\/wp-json\/wp\/v2\/product_tag?post=1851"}],"curies":[{"name":"wp","href":"https:\/\/api.w.org\/{rel}","templated":true}]}}