{"id":1771,"date":"2023-05-07T19:34:22","date_gmt":"2023-05-07T22:34:22","guid":{"rendered":"https:\/\/electroimpulso.com.ar\/catalogo\/?post_type=product&#038;p=1771"},"modified":"2026-02-19T16:35:06","modified_gmt":"2026-02-19T19:35:06","slug":"regulador-mppt-20a-12-24v-electroimpulso-voc-100v-300w12v-600w24v","status":"publish","type":"product","link":"https:\/\/electroimpulso.com.ar\/catalogo\/producto\/regulador-mppt-20a-12-24v-electroimpulso-voc-100v-300w12v-600w24v\/","title":{"rendered":"Regulador MPPT M2420 20A 12\/24V Electroimpulso Voc 100V"},"content":{"rendered":"<p>Regulador para cargar bater\u00edas con paneles solares, aprovechando al m\u00e1ximo el panel gracias a la tecnolog\u00eda mppt.<br \/>\nM\u00e1xima tensi\u00f3n de entrada de panel solar: Voc 100V, potencia m\u00e1xima de entrada: 300W(12V)\/600W(24V)<\/p>\n<style>\n     .button {\n      background-color:blue;\n      border-color:red;\n      color:white;\n      }\n    <\/style>\n<p><a class=\"button\" href=\"https:\/\/electroimpulso.mercadoshops.com.ar\/MLA-1411515300-regulador-mppt-1224v-20a-electroimpulso-voc-100v-300600w-_JM#position=1&#038;search_layout=stack&#038;type=item&#038;tracking_id=24e1dd19-b489-4ddb-b2b3-d69aaa13c24e\" target=\"_blank\" rel=\"noopener\">Ver precio con env\u00edo<\/a><br \/>\n<br \/>\n<a class=\"button\" href=\"https:\/\/1drv.ms\/b\/s!AmtXglVJU_yYgd9FA9jB4VN7VqIXwQ?e=13R6Mk\" target=\"_blank\" rel=\"noopener\">informaci\u00f3n t\u00e9cnica<\/a><br \/>\n<br \/>\n<a class=\"button\" href=\"https:\/\/1drv.ms\/f\/c\/98fc53495582576b\/EmtXglVJU_wggJjLbwAAAAABNFQ651sfCqG32HJJG8sbOw?e=lh6UtD\" target=\"_blank\" rel=\"noopener\">descargas<\/a><br \/><\/p>\n","protected":false},"excerpt":{"rendered":"<p>Regulador para cargar bater\u00edas con paneles solares, aprovechando al m\u00e1ximo el panel gracias a la tecnolog\u00eda mppt. M\u00e1xima tensi\u00f3n de entrada de panel solar: Voc 100V, potencia m\u00e1xima de entrada: 300W(12V)\/600W(24V) Ver precio con env\u00edo informaci\u00f3n t\u00e9cnica descargas<\/p>\n","protected":false},"featured_media":1772,"template":"","meta":[],"product_brand":[],"product_cat":[23],"product_tag":[],"class_list":{"0":"post-1771","1":"product","2":"type-product","3":"status-publish","4":"has-post-thumbnail","6":"product_cat-reguladores-de-carga","8":"first","9":"instock","10":"shipping-taxable","11":"purchasable","12":"product-type-simple"},"_links":{"self":[{"href":"https:\/\/electroimpulso.com.ar\/catalogo\/wp-json\/wp\/v2\/product\/1771","targetHints":{"allow":["GET"]}}],"collection":[{"href":"https:\/\/electroimpulso.com.ar\/catalogo\/wp-json\/wp\/v2\/product"}],"about":[{"href":"https:\/\/electroimpulso.com.ar\/catalogo\/wp-json\/wp\/v2\/types\/product"}],"wp:featuredmedia":[{"embeddable":true,"href":"https:\/\/electroimpulso.com.ar\/catalogo\/wp-json\/wp\/v2\/media\/1772"}],"wp:attachment":[{"href":"https:\/\/electroimpulso.com.ar\/catalogo\/wp-json\/wp\/v2\/media?parent=1771"}],"wp:term":[{"taxonomy":"product_brand","embeddable":true,"href":"https:\/\/electroimpulso.com.ar\/catalogo\/wp-json\/wp\/v2\/product_brand?post=1771"},{"taxonomy":"product_cat","embeddable":true,"href":"https:\/\/electroimpulso.com.ar\/catalogo\/wp-json\/wp\/v2\/product_cat?post=1771"},{"taxonomy":"product_tag","embeddable":true,"href":"https:\/\/electroimpulso.com.ar\/catalogo\/wp-json\/wp\/v2\/product_tag?post=1771"}],"curies":[{"name":"wp","href":"https:\/\/api.w.org\/{rel}","templated":true}]}}