{"id":1730,"date":"2023-01-20T15:04:49","date_gmt":"2023-01-20T18:04:49","guid":{"rendered":"https:\/\/electroimpulso.com.ar\/catalogo\/?post_type=product&#038;p=1730"},"modified":"2026-02-23T15:41:48","modified_gmt":"2026-02-23T18:41:48","slug":"pack-10-zocalos-gu10-ceramicos-con-cables-para-dicroicas","status":"publish","type":"product","link":"https:\/\/electroimpulso.com.ar\/catalogo\/producto\/pack-10-zocalos-gu10-ceramicos-con-cables-para-dicroicas\/","title":{"rendered":"Pack 10 Z\u00f3calos Gu10 Cer\u00e1micos Con Cables Para Dicroicas"},"content":{"rendered":"<p>pack de 10 z\u00f3calos para dicroicas gu10. <\/p>\n","protected":false},"excerpt":{"rendered":"<p>pack de 10 z\u00f3calos para dicroicas gu10.<\/p>\n","protected":false},"featured_media":1732,"template":"","meta":[],"product_brand":[],"product_cat":[66,36],"product_tag":[],"class_list":{"0":"post-1730","1":"product","2":"type-product","3":"status-publish","4":"has-post-thumbnail","6":"product_cat-accesorios","7":"product_cat-iluminacion","9":"first","10":"instock","11":"shipping-taxable","12":"purchasable","13":"product-type-simple"},"_links":{"self":[{"href":"https:\/\/electroimpulso.com.ar\/catalogo\/wp-json\/wp\/v2\/product\/1730","targetHints":{"allow":["GET"]}}],"collection":[{"href":"https:\/\/electroimpulso.com.ar\/catalogo\/wp-json\/wp\/v2\/product"}],"about":[{"href":"https:\/\/electroimpulso.com.ar\/catalogo\/wp-json\/wp\/v2\/types\/product"}],"wp:featuredmedia":[{"embeddable":true,"href":"https:\/\/electroimpulso.com.ar\/catalogo\/wp-json\/wp\/v2\/media\/1732"}],"wp:attachment":[{"href":"https:\/\/electroimpulso.com.ar\/catalogo\/wp-json\/wp\/v2\/media?parent=1730"}],"wp:term":[{"taxonomy":"product_brand","embeddable":true,"href":"https:\/\/electroimpulso.com.ar\/catalogo\/wp-json\/wp\/v2\/product_brand?post=1730"},{"taxonomy":"product_cat","embeddable":true,"href":"https:\/\/electroimpulso.com.ar\/catalogo\/wp-json\/wp\/v2\/product_cat?post=1730"},{"taxonomy":"product_tag","embeddable":true,"href":"https:\/\/electroimpulso.com.ar\/catalogo\/wp-json\/wp\/v2\/product_tag?post=1730"}],"curies":[{"name":"wp","href":"https:\/\/api.w.org\/{rel}","templated":true}]}}