{"id":1662,"date":"2023-01-19T19:33:32","date_gmt":"2023-01-19T22:33:32","guid":{"rendered":"https:\/\/electroimpulso.com.ar\/catalogo\/?post_type=product&#038;p=1662"},"modified":"2026-02-20T11:51:50","modified_gmt":"2026-02-20T14:51:50","slug":"1662","status":"publish","type":"product","link":"https:\/\/electroimpulso.com.ar\/catalogo\/producto\/1662\/","title":{"rendered":"Caja Pasacables Techo Casilla Rodante Motorhome Botes"},"content":{"rendered":"<p>Accesorio para colocar sobre la perforaci\u00f3n de un techo para ingresar los cables de paneles solares, antenas, etc de forma herm\u00e9tica. Sellar con sellador poliuret\u00e1nico sika 1a<\/p>\n<p>Mide 9,9&#215;8,9&#215;5 cm<br \/>\nDi\u00e1metro exterior m\u00e1ximo del cable: 3\/8&#8243;<\/p>\n","protected":false},"excerpt":{"rendered":"<p>Accesorio para colocar sobre la perforaci\u00f3n de un techo para ingresar los cables de paneles solares, antenas, etc de forma herm\u00e9tica. Sellar con sellador poliuret\u00e1nico sika 1a Mide 9,9&#215;8,9&#215;5 cm Di\u00e1metro exterior m\u00e1ximo del cable: 3\/8&#8243;<\/p>\n","protected":false},"featured_media":1663,"template":"","meta":[],"product_brand":[],"product_cat":[66],"product_tag":[],"class_list":{"0":"post-1662","1":"product","2":"type-product","3":"status-publish","4":"has-post-thumbnail","6":"product_cat-accesorios","8":"first","9":"instock","10":"shipping-taxable","11":"purchasable","12":"product-type-simple"},"_links":{"self":[{"href":"https:\/\/electroimpulso.com.ar\/catalogo\/wp-json\/wp\/v2\/product\/1662","targetHints":{"allow":["GET"]}}],"collection":[{"href":"https:\/\/electroimpulso.com.ar\/catalogo\/wp-json\/wp\/v2\/product"}],"about":[{"href":"https:\/\/electroimpulso.com.ar\/catalogo\/wp-json\/wp\/v2\/types\/product"}],"wp:featuredmedia":[{"embeddable":true,"href":"https:\/\/electroimpulso.com.ar\/catalogo\/wp-json\/wp\/v2\/media\/1663"}],"wp:attachment":[{"href":"https:\/\/electroimpulso.com.ar\/catalogo\/wp-json\/wp\/v2\/media?parent=1662"}],"wp:term":[{"taxonomy":"product_brand","embeddable":true,"href":"https:\/\/electroimpulso.com.ar\/catalogo\/wp-json\/wp\/v2\/product_brand?post=1662"},{"taxonomy":"product_cat","embeddable":true,"href":"https:\/\/electroimpulso.com.ar\/catalogo\/wp-json\/wp\/v2\/product_cat?post=1662"},{"taxonomy":"product_tag","embeddable":true,"href":"https:\/\/electroimpulso.com.ar\/catalogo\/wp-json\/wp\/v2\/product_tag?post=1662"}],"curies":[{"name":"wp","href":"https:\/\/api.w.org\/{rel}","templated":true}]}}