{"id":1654,"date":"2023-01-19T18:15:04","date_gmt":"2023-01-19T21:15:04","guid":{"rendered":"https:\/\/electroimpulso.com.ar\/catalogo\/?post_type=product&#038;p=1654"},"modified":"2025-09-22T10:09:27","modified_gmt":"2025-09-22T13:09:27","slug":"reja-tejido-antigranizo-termotanque-solar-20-tubos","status":"publish","type":"product","link":"https:\/\/electroimpulso.com.ar\/catalogo\/producto\/reja-tejido-antigranizo-termotanque-solar-20-tubos\/","title":{"rendered":"Reja tejido antigranizo termotanque solar 20 tubos"},"content":{"rendered":"<p>Malla antigranizo para termotanque solar de 20 tubos.<\/p>\n<p>Se sujeta con planchuelas que se agarran con autoperforantes a la estructura.<\/p>\n<p>4 patas son para determinar la separaci\u00f3n de los tubos y 2 patas van en \u00e1ngulo menor a 90\u00ba y evitan que se desplace<\/p>\n<p>Est\u00e1 hecha con tejido de 1&#8243;x1\/2&#8243; tensado en una estructura de planchuela de hierro pintado.<\/p>\n<p>La medida del tejido es la justa para detener cualquier granizo que sea capaz de romper<\/p>\n<p>los tubos (>28mm de di\u00e1metro) y a su vez provoca una m\u00ecnima disminuci\u00f3n<\/p>\n<p>sobre la energ\u00eda solar que llega a los tubos.<\/p>\n<p>Ante cualquier duda, consulte.<\/p>\n<p>Disponemos de modelos para 15,20,25 y 30 tubos.<\/p>\n","protected":false},"excerpt":{"rendered":"<style>\n     .button {\n      background-color:blue;\n      border-color:red;\n      color:white;\n      }\n    <\/style>\n<p><a class=\"button\" href=\"https:\/\/electroimpulso.mercadoshops.com.ar\/MLA-714709728-reja-tejido-antigranizo-protector-termotanque-solar-20-tubos-_JM\">Ver precio<\/a><\/p>\n","protected":false},"featured_media":1655,"template":"","meta":[],"product_brand":[],"product_cat":[28],"product_tag":[],"class_list":{"0":"post-1654","1":"product","2":"type-product","3":"status-publish","4":"has-post-thumbnail","6":"product_cat-termotanques-solares","8":"first","9":"instock","10":"shipping-taxable","11":"product-type-simple"},"_links":{"self":[{"href":"https:\/\/electroimpulso.com.ar\/catalogo\/wp-json\/wp\/v2\/product\/1654","targetHints":{"allow":["GET"]}}],"collection":[{"href":"https:\/\/electroimpulso.com.ar\/catalogo\/wp-json\/wp\/v2\/product"}],"about":[{"href":"https:\/\/electroimpulso.com.ar\/catalogo\/wp-json\/wp\/v2\/types\/product"}],"wp:featuredmedia":[{"embeddable":true,"href":"https:\/\/electroimpulso.com.ar\/catalogo\/wp-json\/wp\/v2\/media\/1655"}],"wp:attachment":[{"href":"https:\/\/electroimpulso.com.ar\/catalogo\/wp-json\/wp\/v2\/media?parent=1654"}],"wp:term":[{"taxonomy":"product_brand","embeddable":true,"href":"https:\/\/electroimpulso.com.ar\/catalogo\/wp-json\/wp\/v2\/product_brand?post=1654"},{"taxonomy":"product_cat","embeddable":true,"href":"https:\/\/electroimpulso.com.ar\/catalogo\/wp-json\/wp\/v2\/product_cat?post=1654"},{"taxonomy":"product_tag","embeddable":true,"href":"https:\/\/electroimpulso.com.ar\/catalogo\/wp-json\/wp\/v2\/product_tag?post=1654"}],"curies":[{"name":"wp","href":"https:\/\/api.w.org\/{rel}","templated":true}]}}