{"id":1645,"date":"2023-01-19T16:32:22","date_gmt":"2023-01-19T19:32:22","guid":{"rendered":"https:\/\/electroimpulso.com.ar\/catalogo\/?post_type=product&#038;p=1645"},"modified":"2025-09-22T10:09:28","modified_gmt":"2025-09-22T13:09:28","slug":"par-de-conectores-macho-hembra-mc4-para-conectar-paneles-solares","status":"publish","type":"product","link":"https:\/\/electroimpulso.com.ar\/catalogo\/producto\/par-de-conectores-macho-hembra-mc4-para-conectar-paneles-solares\/","title":{"rendered":"Par de conectores macho\/hembra MC4 para conectar paneles solares"},"content":{"rendered":"<p>Juego de conectores macho y hembra MC4para conectar paneles solares.<\/p>\n<p>Conexi\u00f3n segura y duradera, facilita la prueba inicial del sistema y las reparaciones que puedan ser necesarias.<\/p>\n<p>para secci\u00f3n de cable \u00d8 4-6 mm2<br \/>\nCorriente m\u00e1xima 30 A<br \/>\nVoltaje m\u00e1ximo 1000 V<br \/>\nGrado de protecci\u00f3n IP67<br \/>\nRango de temperatura -40\u00b0C to +90\u00b0C<\/p>\n","protected":false},"excerpt":{"rendered":"<p>Juego de conectores macho y hembra MC4para conectar paneles solares. Conexi\u00f3n segura y duradera, facilita la prueba inicial del sistema y las reparaciones que puedan ser necesarias. para secci\u00f3n de cable \u00d8 4-6 mm2 Corriente m\u00e1xima 30 A Voltaje m\u00e1ximo 1000 V Grado de protecci\u00f3n IP67 Rango de temperatura -40\u00b0C to +90\u00b0C<\/p>\n","protected":false},"featured_media":1646,"template":"","meta":[],"product_brand":[],"product_cat":[66],"product_tag":[],"class_list":{"0":"post-1645","1":"product","2":"type-product","3":"status-publish","4":"has-post-thumbnail","6":"product_cat-accesorios","8":"first","9":"instock","10":"shipping-taxable","11":"purchasable","12":"product-type-simple"},"_links":{"self":[{"href":"https:\/\/electroimpulso.com.ar\/catalogo\/wp-json\/wp\/v2\/product\/1645","targetHints":{"allow":["GET"]}}],"collection":[{"href":"https:\/\/electroimpulso.com.ar\/catalogo\/wp-json\/wp\/v2\/product"}],"about":[{"href":"https:\/\/electroimpulso.com.ar\/catalogo\/wp-json\/wp\/v2\/types\/product"}],"wp:featuredmedia":[{"embeddable":true,"href":"https:\/\/electroimpulso.com.ar\/catalogo\/wp-json\/wp\/v2\/media\/1646"}],"wp:attachment":[{"href":"https:\/\/electroimpulso.com.ar\/catalogo\/wp-json\/wp\/v2\/media?parent=1645"}],"wp:term":[{"taxonomy":"product_brand","embeddable":true,"href":"https:\/\/electroimpulso.com.ar\/catalogo\/wp-json\/wp\/v2\/product_brand?post=1645"},{"taxonomy":"product_cat","embeddable":true,"href":"https:\/\/electroimpulso.com.ar\/catalogo\/wp-json\/wp\/v2\/product_cat?post=1645"},{"taxonomy":"product_tag","embeddable":true,"href":"https:\/\/electroimpulso.com.ar\/catalogo\/wp-json\/wp\/v2\/product_tag?post=1645"}],"curies":[{"name":"wp","href":"https:\/\/api.w.org\/{rel}","templated":true}]}}