{"id":1588,"date":"2022-09-28T17:18:45","date_gmt":"2022-09-28T20:18:45","guid":{"rendered":"https:\/\/electroimpulso.com.ar\/catalogo\/?post_type=product&#038;p=1588"},"modified":"2026-03-20T15:06:27","modified_gmt":"2026-03-20T18:06:27","slug":"regulador-de-carga-solar-12-24v-10a-pwm-marca-exicom","status":"publish","type":"product","link":"https:\/\/electroimpulso.com.ar\/catalogo\/producto\/regulador-de-carga-solar-12-24v-10a-pwm-marca-exicom\/","title":{"rendered":"Regulador de carga solar 12\/24V 10A PWM marca EXICOM"},"content":{"rendered":"<p>Regulador PWM EXICOM XLP-10A 12\/24V 10 Amp.<br \/>\nREGULADOR DE CARGA EXICOM PARA PANELES SOLARES 10A 12v \/ 24 AUTOMATICO<\/p>\n<p>Tipos de bater\u00eda disponibles<br \/>\nC\u00f3digo\tDescripci\u00f3n t\u00e9cnica<br \/>\nb1\tBater\u00eda de plomo-\u00e1cido (12\/24 V, autodetecci\u00f3n)<br \/>\nb2\tBater\u00eda de 3 celdas en serie de 3,7 V (12\/24 V, autodetecci\u00f3n)<br \/>\nb3\tBater\u00eda de 4 celdas en serie de 3,2 V (12\/24 V, autodetecci\u00f3n)<br \/>\n1b1\tBater\u00eda de plomo-\u00e1cido de 12 V<br \/>\n1b2\tBater\u00eda de 12 V (3 \u00d7 3,7 V en serie)<br \/>\n1b3\tBater\u00eda de 12 V (4 \u00d7 3,2 V en serie)<br \/>\n2b1\tBater\u00eda de plomo-\u00e1cido de 24 V<br \/>\n2b2\tBater\u00eda de 24 V (6 \u00d7 3,7 V en serie)<br \/>\n2b3\tBater\u00eda de 24 V (8 \u00d7 3,2 V en serie)<\/p>\n<p>Procedimiento de ajuste del tipo de bater\u00eda<br \/>\nMantener presionado el bot\u00f3n MENU durante m\u00e1s de 5 segundos hasta que el valor en pantalla parpadee.<br \/>\nEsto habilita el modo de configuraci\u00f3n de tipo de bater\u00eda.<\/p>\n<p>Utilizar los botones SET y MENU para desplazarse entre los c\u00f3digos disponibles y seleccionar el tipo de bater\u00eda correspondiente al banco instalado.<\/p>\n<p>Mantener presionado nuevamente el bot\u00f3n MENU hasta que el valor vuelva a parpadear.<br \/>\nEsto confirma la selecci\u00f3n y sale del modo de configuraci\u00f3n.<\/p>\n<p>El controlador guarda autom\u00e1ticamente el valor configurado.<\/p>\n<p>Consideraciones t\u00e9cnicas<br \/>\nLa selecci\u00f3n correcta del tipo de bater\u00eda es esencial para que el controlador aplique los perfiles de carga adecuados (flotaci\u00f3n, boost, protecci\u00f3n por bajo voltaje, etc.).<\/p>\n<p>Las opciones con autodetecci\u00f3n (b1, b2, b3) permiten que el controlador determine si el sistema opera a 12 V o 24 V.<\/p>\n<p>Las variantes 1b* y 2b* fuerzan la tensi\u00f3n nominal, \u00fatil cuando se requiere evitar autodetecci\u00f3n por condiciones de instalaci\u00f3n.<\/p>\n<p>Display LCD<br \/>\nCarga bater\u00edas de 12V &#8211; 24V autom\u00e1tico<br \/>\n2 salidas USB<\/p>\n<p>4 estados de carga:<br \/>\n&#8211; Bulk<br \/>\n&#8211; Absorption<br \/>\n&#8211; Float<br \/>\n&#8211; Equalize<\/p>\n<p>&#8211; 12V<br \/>\nVoltaje en flote: 13,8V (ajustable)<br \/>\nVoltaje en ecualizaci\u00f3n: 14,4V<br \/>\nDesconexi\u00f3n por bajo voltaje: 11V (ajustable)<br \/>\nReconexi\u00f3n en bajo voltaje: 12,6V<\/p>\n<p>&#8211; 24V<br \/>\nVoltaje en flote: 27,6V (ajustable)<br \/>\nVoltaje en ecualizaci\u00f3n: 28,8V<br \/>\nDesconexi\u00f3n por bajo voltaje: 22V (ajustable)<br \/>\nReconexi\u00f3n en bajo voltaje: 25,2V<\/p>\n<p>Conexi\u00f3n<br \/>\n1. El controlador comprobar\u00e1 autom\u00e1ticamente la tensi\u00f3n cuando se conecta la bater\u00eda con el regulador solar.<br \/>\n2. Respetar la polaridad<br \/>\n3. Conectar luego los paneles solares al regulador<\/p>\n<p>En caja con:<br \/>\n1 Regulador<br \/>\n1 Manual<\/p>\n","protected":false},"excerpt":{"rendered":"<style>\n     .button {\n      background-color:blue;\n      border-color:red;\n      color:white;\n      }\n    <\/style>\n<p><a class=\"button\" href=\"https:\/\/1drv.ms\/b\/c\/98fc53495582576b\/IQBrV4JVSVP8IICYoYQAAAAAAVWpAD8tzU2rFAoKYKUbAv4?e=fEYUW4\" target=\"_blank\" rel=\"noopener\">Manual<\/a><br \/>\n<br \/>\n<a class=\"button\" href=\"https:\/\/www.mercadolibre.com.ar\/regulador-de-carga-solar-10a-1224v-pwm-xlp-electroimpulso\/up\/MLAU222650245?pdp_filters=item_id%3AMLA1175802110&#038;matt_tool=89488245#origin=share&#038;sid=share&#038;wid=MLA1175802110\" target=\"_blank\" rel=\"noopener\">Compralo con env\u00edo<\/a><\/p>\n","protected":false},"featured_media":1589,"template":"","meta":[],"product_brand":[],"product_cat":[23],"product_tag":[274,324,99,35,164,163,98,31],"class_list":{"0":"post-1588","1":"product","2":"type-product","3":"status-publish","4":"has-post-thumbnail","6":"product_cat-reguladores-de-carga","7":"product_tag-10a","8":"product_tag-carga","9":"product_tag-controlador","10":"product_tag-electroimpulso","11":"product_tag-exicom","12":"product_tag-pwm","13":"product_tag-regulador","14":"product_tag-solar","16":"first","17":"instock","18":"shipping-taxable","19":"purchasable","20":"product-type-simple"},"_links":{"self":[{"href":"https:\/\/electroimpulso.com.ar\/catalogo\/wp-json\/wp\/v2\/product\/1588","targetHints":{"allow":["GET"]}}],"collection":[{"href":"https:\/\/electroimpulso.com.ar\/catalogo\/wp-json\/wp\/v2\/product"}],"about":[{"href":"https:\/\/electroimpulso.com.ar\/catalogo\/wp-json\/wp\/v2\/types\/product"}],"wp:featuredmedia":[{"embeddable":true,"href":"https:\/\/electroimpulso.com.ar\/catalogo\/wp-json\/wp\/v2\/media\/1589"}],"wp:attachment":[{"href":"https:\/\/electroimpulso.com.ar\/catalogo\/wp-json\/wp\/v2\/media?parent=1588"}],"wp:term":[{"taxonomy":"product_brand","embeddable":true,"href":"https:\/\/electroimpulso.com.ar\/catalogo\/wp-json\/wp\/v2\/product_brand?post=1588"},{"taxonomy":"product_cat","embeddable":true,"href":"https:\/\/electroimpulso.com.ar\/catalogo\/wp-json\/wp\/v2\/product_cat?post=1588"},{"taxonomy":"product_tag","embeddable":true,"href":"https:\/\/electroimpulso.com.ar\/catalogo\/wp-json\/wp\/v2\/product_tag?post=1588"}],"curies":[{"name":"wp","href":"https:\/\/api.w.org\/{rel}","templated":true}]}}