{"id":1102,"date":"2022-05-11T13:00:18","date_gmt":"2022-05-11T16:00:18","guid":{"rendered":"https:\/\/electroimpulso.com.ar\/catalogo\/?post_type=product&#038;p=1102"},"modified":"2026-02-20T11:52:41","modified_gmt":"2026-02-20T14:52:41","slug":"caja-de-embutir-rectangular-pvc-genrod-calidad-10x5cm","status":"publish","type":"product","link":"https:\/\/electroimpulso.com.ar\/catalogo\/producto\/caja-de-embutir-rectangular-pvc-genrod-calidad-10x5cm\/","title":{"rendered":"Caja De Embutir Rectangular Pvc Genrod Calidad 10x5cmCAJA"},"content":{"rendered":"<p>Caja para embutir en pared y colocar tomas o llaves<br \/>\n10 cm x 5 cm x 5 cm<br \/>\nIP20<br \/>\nPl\u00e1stico<br \/>\nMarca: Genrod<\/p>\n<style>\n     .button {\n      background-color:blue;\n      border-color:red;\n      color:white;\n      }\n    <\/style>\n<p><a class=\"button disabled\" href=\"\" target=\"_blank\" rel=\"noopener\">informaci\u00f3n t\u00e9cnica<\/a><br \/>\n<br \/>\n<a class=\"button disabled\" href=\"\" target=\"_blank\" rel=\"noopener\">video<\/a><\/p>\n","protected":false},"excerpt":{"rendered":"<p>Caja para embutir en pared y colocar tomas o llaves 10 cm x 5 cm x 5 cm IP20 Pl\u00e1stico Marca: Genrod informaci\u00f3n t\u00e9cnica video<\/p>\n","protected":false},"featured_media":1103,"template":"","meta":[],"product_brand":[],"product_cat":[66],"product_tag":[141,140,142,143],"class_list":{"0":"post-1102","1":"product","2":"type-product","3":"status-publish","4":"has-post-thumbnail","6":"product_cat-accesorios","7":"product_tag-accesorios","8":"product_tag-caja-para-tomas","9":"product_tag-instalacion","10":"product_tag-paneles-solares","12":"first","13":"instock","14":"purchasable","15":"product-type-simple"},"_links":{"self":[{"href":"https:\/\/electroimpulso.com.ar\/catalogo\/wp-json\/wp\/v2\/product\/1102","targetHints":{"allow":["GET"]}}],"collection":[{"href":"https:\/\/electroimpulso.com.ar\/catalogo\/wp-json\/wp\/v2\/product"}],"about":[{"href":"https:\/\/electroimpulso.com.ar\/catalogo\/wp-json\/wp\/v2\/types\/product"}],"wp:featuredmedia":[{"embeddable":true,"href":"https:\/\/electroimpulso.com.ar\/catalogo\/wp-json\/wp\/v2\/media\/1103"}],"wp:attachment":[{"href":"https:\/\/electroimpulso.com.ar\/catalogo\/wp-json\/wp\/v2\/media?parent=1102"}],"wp:term":[{"taxonomy":"product_brand","embeddable":true,"href":"https:\/\/electroimpulso.com.ar\/catalogo\/wp-json\/wp\/v2\/product_brand?post=1102"},{"taxonomy":"product_cat","embeddable":true,"href":"https:\/\/electroimpulso.com.ar\/catalogo\/wp-json\/wp\/v2\/product_cat?post=1102"},{"taxonomy":"product_tag","embeddable":true,"href":"https:\/\/electroimpulso.com.ar\/catalogo\/wp-json\/wp\/v2\/product_tag?post=1102"}],"curies":[{"name":"wp","href":"https:\/\/api.w.org\/{rel}","templated":true}]}}